{"id":204,"date":"2017-05-10T08:15:46","date_gmt":"2017-05-10T08:15:46","guid":{"rendered":"http:\/\/garocharging.com\/de\/de\/?page_id=204"},"modified":"2017-06-01T07:09:13","modified_gmt":"2017-06-01T07:09:13","slug":"contact","status":"publish","type":"page","link":"https:\/\/garocharging.com\/de\/contact\/","title":{"rendered":"Contact"},"content":{"rendered":"<div id=\"pl-204\"  class=\"panel-layout\" ><div id=\"pg-204-0\"  class=\"panel-grid panel-no-style\" ><div id=\"pgc-204-0-0\"  class=\"panel-grid-cell\" ><div id=\"panel-204-0-0-0\" class=\"so-panel widget widget_sow-editor panel-first-child panel-last-child\" data-index=\"0\" ><div\n\t\t\t\n\t\t\tclass=\"so-widget-sow-editor so-widget-sow-editor-base\"\n\t\t\t\n\t\t><h3 class=\"widget-title\">Company Office<\/h3>\n<div class=\"siteorigin-widget-tinymce textwidget\">\n\t<p><span style=\"font-size: 12.0pt; font-family: 'Titillium Web'; color: #575656;\">Postal address:<br \/>GARO AB<br \/>BOX 203<br \/>335 25 Gnosj\u00f6<br \/><\/span><\/p>\n<\/div>\n<\/div><\/div><\/div><div id=\"pgc-204-0-1\"  class=\"panel-grid-cell\" ><div id=\"panel-204-0-1-0\" class=\"so-panel widget widget_sow-editor panel-first-child panel-last-child\" data-index=\"1\" ><div\n\t\t\t\n\t\t\tclass=\"so-widget-sow-editor so-widget-sow-editor-base\"\n\t\t\t\n\t\t><h3 class=\"widget-title\">Visiting address<\/h3>\n<div class=\"siteorigin-widget-tinymce textwidget\">\n\t<p>S\u00f6dergatan 26<br \/>335 33 GNOSJ\u00d6<br \/> Phone: +46 (0)370 33 28 00<br \/><a href=\"https:\/\/www.google.pl\/maps\/dir\/\/S%C3%B6dergatan+26,+335+33+Gnosj%C3%B6,+Szwecja\/@57.3436138,13.7293171,16.5z\/data=!4m16!1m7!3m6!1s0x46508dfc93d9d19b:0x8e77ef635b5a7082!2sS%C3%B6dergatan+26,+335+33+Gnosj%C3%B6,+Szwecja!3b1!8m2!3d57.3433549!4d13.732228!4m7!1m0!1m5!1m1!1s0x46508dfc93d9d19b:0x8e77ef635b5a7082!2m2!1d13.732228!2d57.3433549\" target=\"_blank\" rel=\"noopener noreferrer\">Check route<\/a><\/p>\n<\/div>\n<\/div><\/div><\/div><div id=\"pgc-204-0-2\"  class=\"panel-grid-cell\" ><div id=\"panel-204-0-2-0\" class=\"so-panel widget widget_sow-editor panel-first-child panel-last-child\" data-index=\"2\" ><div\n\t\t\t\n\t\t\tclass=\"so-widget-sow-editor so-widget-sow-editor-base\"\n\t\t\t\n\t\t><h3 class=\"widget-title\">Sales specialist<\/h3>\n<div class=\"siteorigin-widget-tinymce textwidget\">\n\t<p>Sara Ekstrand<br \/>Export Manager eMobility<br \/>+46 (0)370 33 28 37<\/p>\n<\/div>\n<\/div><\/div><\/div><\/div><div id=\"pg-204-1\"  class=\"panel-grid panel-no-style\" ><div id=\"pgc-204-1-0\"  class=\"panel-grid-cell\" ><div id=\"panel-204-1-0-0\" class=\"so-panel widget widget_sow-editor panel-first-child panel-last-child\" data-index=\"3\" ><div\n\t\t\t\n\t\t\tclass=\"so-widget-sow-editor so-widget-sow-editor-base\"\n\t\t\t\n\t\t>\n<div class=\"siteorigin-widget-tinymce textwidget\">\n\t\n<div class=\"wpcf7 no-js\" id=\"wpcf7-f224-o1\" lang=\"pl-PL\" dir=\"ltr\">\n<div class=\"screen-reader-response\"><p role=\"status\" aria-live=\"polite\" aria-atomic=\"true\"><\/p> <ul><\/ul><\/div>\n<form action=\"\/de\/wp-json\/wp\/v2\/pages\/204#wpcf7-f224-o1\" method=\"post\" class=\"wpcf7-form init\" aria-label=\"Formularz kontaktowy\" novalidate=\"novalidate\" data-status=\"init\">\n<div style=\"display: none;\">\n<input type=\"hidden\" name=\"_wpcf7\" value=\"224\" \/>\n<input type=\"hidden\" name=\"_wpcf7_version\" value=\"5.7.7\" \/>\n<input type=\"hidden\" name=\"_wpcf7_locale\" value=\"pl_PL\" \/>\n<input type=\"hidden\" name=\"_wpcf7_unit_tag\" value=\"wpcf7-f224-o1\" \/>\n<input type=\"hidden\" name=\"_wpcf7_container_post\" value=\"0\" \/>\n<input type=\"hidden\" name=\"_wpcf7_posted_data_hash\" value=\"\" \/>\n<\/div>\n<div class=\"form-flex\">\n\t<div class=\"form-fields\">\n\t\t<p><label><span class=\"wpcf7-form-control-wrap\" data-name=\"your-name\"><input size=\"40\" class=\"wpcf7-form-control wpcf7-text wpcf7-validates-as-required\" aria-required=\"true\" aria-invalid=\"false\" placeholder=\"Your name\" value=\"\" type=\"text\" name=\"your-name\" \/><\/span><\/label><br \/>\n<label><span class=\"wpcf7-form-control-wrap\" data-name=\"company\"><input size=\"40\" class=\"wpcf7-form-control wpcf7-text\" aria-invalid=\"false\" placeholder=\"Company\" value=\"\" type=\"text\" name=\"company\" \/><\/span><\/label><br \/>\n<label><span class=\"wpcf7-form-control-wrap\" data-name=\"your-email\"><input size=\"40\" class=\"wpcf7-form-control wpcf7-text wpcf7-email wpcf7-validates-as-required wpcf7-validates-as-email\" aria-required=\"true\" aria-invalid=\"false\" placeholder=\"Email\" value=\"\" type=\"email\" name=\"your-email\" \/><\/span> <\/label><br \/>\n<label><span class=\"wpcf7-form-control-wrap\" data-name=\"your-subject\"><input size=\"40\" class=\"wpcf7-form-control wpcf7-text\" aria-invalid=\"false\" placeholder=\"Subject\" value=\"\" type=\"text\" name=\"your-subject\" \/><\/span> <\/label>\n\t\t<\/p>\n\t<\/div>\n\t<div class=\"form-textarea\">\n\t\t<p><label><span class=\"wpcf7-form-control-wrap\" data-name=\"your-message\"><textarea cols=\"40\" rows=\"4\" class=\"wpcf7-form-control wpcf7-textarea\" aria-invalid=\"false\" placeholder=\"Your message\" name=\"your-message\"><\/textarea><\/span> <\/label>\n\t\t<\/p>\n\t<\/div>\n\t<div class=\"form-send\">\n\t\t<p>[recaptcha size:compact]<br \/>\n<input class=\"wpcf7-form-control has-spinner wpcf7-submit\" type=\"submit\" value=\"SEND\" \/>\n\t\t<\/p>\n\t<\/div>\n<\/div><div class=\"wpcf7-response-output\" aria-hidden=\"true\"><\/div>\n<\/form>\n<\/div>\n\n<\/div>\n<\/div><\/div><\/div><\/div><\/div>","protected":false},"excerpt":{"rendered":"<p>Postal address:GARO ABBOX 203335 25 Gnosj\u00f6 S\u00f6dergatan 26335 33 GNOSJ\u00d6 Phone: +46 (0)370 33 28 00Check route Sara EkstrandExport Manager eMobility+46 (0)370 33 28 37<\/p>\n","protected":false},"author":7,"featured_media":0,"parent":0,"menu_order":5,"comment_status":"closed","ping_status":"closed","template":"custom-contact.php","meta":[],"yoast_head":"<!-- This site is optimized with the Yoast SEO plugin v20.11 - https:\/\/yoast.com\/wordpress\/plugins\/seo\/ -->\n<title>Contact - EV Chargers<\/title>\n<meta name=\"robots\" content=\"index, follow, max-snippet:-1, max-image-preview:large, max-video-preview:-1\" \/>\n<link rel=\"canonical\" href=\"http:\/\/garocharging.com\/de\/contact\/\" \/>\n<meta property=\"og:locale\" content=\"pl_PL\" \/>\n<meta property=\"og:type\" content=\"article\" \/>\n<meta property=\"og:title\" content=\"Contact - EV Chargers\" \/>\n<meta property=\"og:description\" content=\"Postal address:GARO ABBOX 203335 25 Gnosj\u00f6 S\u00f6dergatan 26335 33 GNOSJ\u00d6 Phone: +46 (0)370 33 28 00Check route Sara EkstrandExport Manager eMobility+46 (0)370 33 28 37\" \/>\n<meta property=\"og:url\" content=\"http:\/\/garocharging.com\/de\/contact\/\" \/>\n<meta property=\"og:site_name\" content=\"EV Chargers\" \/>\n<meta property=\"article:modified_time\" content=\"2017-06-01T07:09:13+00:00\" \/>\n<meta name=\"twitter:card\" content=\"summary_large_image\" \/>\n<script type=\"application\/ld+json\" class=\"yoast-schema-graph\">{\"@context\":\"https:\/\/schema.org\",\"@graph\":[{\"@type\":\"WebPage\",\"@id\":\"http:\/\/garocharging.com\/de\/contact\/\",\"url\":\"http:\/\/garocharging.com\/de\/contact\/\",\"name\":\"Contact - EV Chargers\",\"isPartOf\":{\"@id\":\"https:\/\/garocharging.com\/de\/#website\"},\"datePublished\":\"2017-05-10T08:15:46+00:00\",\"dateModified\":\"2017-06-01T07:09:13+00:00\",\"breadcrumb\":{\"@id\":\"http:\/\/garocharging.com\/de\/contact\/#breadcrumb\"},\"inLanguage\":\"pl-PL\",\"potentialAction\":[{\"@type\":\"ReadAction\",\"target\":[\"http:\/\/garocharging.com\/de\/contact\/\"]}]},{\"@type\":\"BreadcrumbList\",\"@id\":\"http:\/\/garocharging.com\/de\/contact\/#breadcrumb\",\"itemListElement\":[{\"@type\":\"ListItem\",\"position\":1,\"name\":\"Strona g\u0142\u00f3wna\",\"item\":\"https:\/\/garocharging.com\/de\/\"},{\"@type\":\"ListItem\",\"position\":2,\"name\":\"Contact\"}]},{\"@type\":\"WebSite\",\"@id\":\"https:\/\/garocharging.com\/de\/#website\",\"url\":\"https:\/\/garocharging.com\/de\/\",\"name\":\"EV Chargers\",\"description\":\"EV Chargers\",\"potentialAction\":[{\"@type\":\"SearchAction\",\"target\":{\"@type\":\"EntryPoint\",\"urlTemplate\":\"https:\/\/garocharging.com\/de\/?s={search_term_string}\"},\"query-input\":\"required name=search_term_string\"}],\"inLanguage\":\"pl-PL\"}]}<\/script>\n<!-- \/ Yoast SEO plugin. -->","yoast_head_json":{"title":"Contact - EV Chargers","robots":{"index":"index","follow":"follow","max-snippet":"max-snippet:-1","max-image-preview":"max-image-preview:large","max-video-preview":"max-video-preview:-1"},"canonical":"http:\/\/garocharging.com\/de\/contact\/","og_locale":"pl_PL","og_type":"article","og_title":"Contact - EV Chargers","og_description":"Postal address:GARO ABBOX 203335 25 Gnosj\u00f6 S\u00f6dergatan 26335 33 GNOSJ\u00d6 Phone: +46 (0)370 33 28 00Check route Sara EkstrandExport Manager eMobility+46 (0)370 33 28 37","og_url":"http:\/\/garocharging.com\/de\/contact\/","og_site_name":"EV Chargers","article_modified_time":"2017-06-01T07:09:13+00:00","twitter_card":"summary_large_image","schema":{"@context":"https:\/\/schema.org","@graph":[{"@type":"WebPage","@id":"http:\/\/garocharging.com\/de\/contact\/","url":"http:\/\/garocharging.com\/de\/contact\/","name":"Contact - EV Chargers","isPartOf":{"@id":"https:\/\/garocharging.com\/de\/#website"},"datePublished":"2017-05-10T08:15:46+00:00","dateModified":"2017-06-01T07:09:13+00:00","breadcrumb":{"@id":"http:\/\/garocharging.com\/de\/contact\/#breadcrumb"},"inLanguage":"pl-PL","potentialAction":[{"@type":"ReadAction","target":["http:\/\/garocharging.com\/de\/contact\/"]}]},{"@type":"BreadcrumbList","@id":"http:\/\/garocharging.com\/de\/contact\/#breadcrumb","itemListElement":[{"@type":"ListItem","position":1,"name":"Strona g\u0142\u00f3wna","item":"https:\/\/garocharging.com\/de\/"},{"@type":"ListItem","position":2,"name":"Contact"}]},{"@type":"WebSite","@id":"https:\/\/garocharging.com\/de\/#website","url":"https:\/\/garocharging.com\/de\/","name":"EV Chargers","description":"EV Chargers","potentialAction":[{"@type":"SearchAction","target":{"@type":"EntryPoint","urlTemplate":"https:\/\/garocharging.com\/de\/?s={search_term_string}"},"query-input":"required name=search_term_string"}],"inLanguage":"pl-PL"}]}},"_links":{"self":[{"href":"https:\/\/garocharging.com\/de\/wp-json\/wp\/v2\/pages\/204"}],"collection":[{"href":"https:\/\/garocharging.com\/de\/wp-json\/wp\/v2\/pages"}],"about":[{"href":"https:\/\/garocharging.com\/de\/wp-json\/wp\/v2\/types\/page"}],"author":[{"embeddable":true,"href":"https:\/\/garocharging.com\/de\/wp-json\/wp\/v2\/users\/7"}],"replies":[{"embeddable":true,"href":"https:\/\/garocharging.com\/de\/wp-json\/wp\/v2\/comments?post=204"}],"version-history":[{"count":20,"href":"https:\/\/garocharging.com\/de\/wp-json\/wp\/v2\/pages\/204\/revisions"}],"predecessor-version":[{"id":335,"href":"https:\/\/garocharging.com\/de\/wp-json\/wp\/v2\/pages\/204\/revisions\/335"}],"wp:attachment":[{"href":"https:\/\/garocharging.com\/de\/wp-json\/wp\/v2\/media?parent=204"}],"curies":[{"name":"wp","href":"https:\/\/api.w.org\/{rel}","templated":true}]}}