{"id":770,"date":"2018-06-26T09:56:04","date_gmt":"2018-06-26T09:56:04","guid":{"rendered":"http:\/\/garocharging.com\/pl\/?page_id=770"},"modified":"2018-06-26T09:57:00","modified_gmt":"2018-06-26T09:57:00","slug":"informacje-prawne-rodo","status":"publish","type":"page","link":"http:\/\/garocharging.com\/pl\/informacje-prawne-rodo\/","title":{"rendered":"Informacje prawne &#8211; RODO"},"content":{"rendered":"<div id=\"pl-770\"  class=\"panel-layout\" ><div id=\"pg-770-0\"  class=\"panel-grid panel-no-style\" ><div id=\"pgc-770-0-0\"  class=\"panel-grid-cell\" ><div id=\"panel-770-0-0-0\" class=\"so-panel widget widget_sow-editor panel-first-child panel-last-child\" data-index=\"0\" ><div\n\t\t\t\n\t\t\tclass=\"so-widget-sow-editor so-widget-sow-editor-base\"\n\t\t\t\n\t\t>\n<div class=\"siteorigin-widget-tinymce textwidget\">\n\t<p align=\"center\"><strong>OBOWI\u0104ZEK INFORMACYJNY W ZAKRESIE OCHRONY DANYCH OSOBOWYCH<\/strong><br \/> <strong>(dla klient\u00f3w \/ kooperant\u00f3w)<\/strong><\/p>\n<p>Dzia\u0142aj\u0105c na podstawie przepisu art. 13 ust. 1 i 2 Rozporz\u0105dzenia Parlamentu Europejskiego i Rady (UE) 2016\/679 z dnia 27 kwietnia 2016 r. w sprawie ochrony os\u00f3b fizycznych w zwi\u0105zku z przetwarzaniem danych osobowych i w sprawie swobodnego przep\u0142ywu takich danych oraz uchylenia dyrektywy 95\/46\/WE (zwanego dalej RODO) niniejszym informujemy, \u017ce:<\/p>\n<p><strong>ADMINISTRATOR DANYCH OSOBOWYCH<\/strong><\/p>\n<p><strong>Administratorem danych osobowych naszych Klient\u00f3w oraz Kooperant\u00f3w jest:<\/strong><\/p>\n<p><strong>GARO Polska Sp\u00f3\u0142ka z ograniczon\u0105 odpowiedzialno\u015bci\u0105<\/strong><br \/> z siedzib\u0105 w Szczecinie, przy ul. Wis\u0142awy Szymborskiej 18, 70-784 Szczecin, wpisana do Rejestru Przedsi\u0119biorc\u00f3w Krajowego Rejestru S\u0105dowego prowadzonego przez S\u0105d Rejonowy Szczecin -Centrum w Szczecinie, Wydzia\u0142 XIII Gospodarczy KRS pod numerem KRS: 0000368225, posiadaj\u0105ca NIP: 851-31-33-236, posiadaj\u0105ca REGON: 320912762<\/p>\n<p>e-mail: <a href=\"mailto:joanna.byczek@garo.com.pl\">joanna.byczek@garo.com.pl<\/a><\/p>\n<p>w dalszej tre\u015bci zwana tak\u017ce <strong>\u201eAdministratorem\u201d.<\/strong><\/p>\n<p>Administrator zbiera dane osobowe dla oznaczonych, zgodnych z prawem cel\u00f3w, przetwarza je zgodnie z prawem i nie poddaje dalszemu przetwarzaniu niezgodnemu z tymi celami. Dane s\u0105 zbieranie jedynie w adekwatnym, niezb\u0119dnym i koniecznym zakresie w stosunku do cel\u00f3w, dla jakich s\u0105 przetwarzane oraz obowi\u0105zuj\u0105cych przepis\u00f3w.<\/p>\n<p><strong>PRZETWARZANE DANE OSOBOWE<\/strong><br \/> Przetwarzamy dane osobowe w \u00a0zwi\u0105zku z:<br \/> <strong>1.\u00a0\u00a0\u00a0Dzia\u0142alno\u015bci\u0105 produkcyjn\u0105, sprzeda\u017c\u0105 towar\u00f3w oraz \u015bwiadczeniem us\u0142ug<\/strong><\/p>\n<ul>\n<li>Podmioty, kt\u00f3rych dane dotycz\u0105: kontrahenci, potencjalni kontrahenci, kooperanci, potencjalni kooperanci, jak r\u00f3wnie\u017c ich pracownicy oraz osoby z nimi wsp\u00f3\u0142pracuj\u0105ce na r\u00f3\u017cnych podstawach prawnych.<\/li>\n<li>Podstawa i cele przetwarzania danych:\n<ol>\n<li><strong>zawarcie i wykonanie umowy; <\/strong><\/li>\n<li><strong>wykonanie ci\u0105\u017c\u0105cych obowi\u0105zk\u00f3w prawnych<\/strong>, np.:\n<ol style=\"list-style-type: lower-alpha;\">\n<li>przechowywanie danych na potrzeby przysz\u0142ych post\u0119powa\u0144 uprawnionych organ\u00f3w;<\/li>\n<li>sporz\u0105dzanie dokumentacji ksi\u0119gowo \u2013 finansowej zgodnie z obowi\u0105zuj\u0105cymi przepisami;<\/li>\n<li>sk\u0142adanie i rozpatrywanie reklamacji;<\/li>\n<li>rozliczanie nale\u017cno\u015bci publicznoprawnych;<\/li>\n<\/ol>\n<\/li>\n<li><strong>usprawiedliwiony interes prawny:<\/strong>\n<ol style=\"list-style-type: lower-alpha;\">\n<li>udokumentowanie realizacji transakcji oraz wystawianie stosownych dokument\u00f3w, w tym w szczeg\u00f3lno\u015bci dokument\u00f3w finansowych;<\/li>\n<li>ustalenie, obrona i dochodzenie roszcze\u0144;<\/li>\n<li>marketing bezpo\u015bredni;<\/li>\n<li>tworzenie zestawie\u0144, analiz i statystyk, w tym obrotu i sprzeda\u017cy, na potrzeby wewn\u0119trzne;<\/li>\n<li>weryfikacja wiarygodno\u015bci p\u0142atniczej kontrahenta;<\/li>\n<li>windykacja nale\u017cno\u015bci;<\/li>\n<li>archiwizacja.<\/li>\n<\/ol>\n<\/li>\n<\/ol>\n<\/li>\n<\/ul>\n<p><strong>2.\u00a0\u00a0\u00a0 Prowadzeniem i obs\u0142ug\u0105 naszego przedsi\u0119biorstwa<\/strong><\/p>\n<ul>\n<li>Przetwarzamy dane osobowe w ramach codziennej obs\u0142ugi przedsi\u0119biorstwa.<\/li>\n<li>Podmioty, kt\u00f3rych dane dotycz\u0105: podmioty, kontaktuj\u0105ce si\u0119 z firm\u0105, jak i ich pracownicy oraz osoby z nimi wsp\u00f3\u0142pracuj\u0105ce na r\u00f3\u017cnych podstawach prawnych,\u00a0 wsp\u00f3lnicy oraz osoby przebywaj\u0105ce na naszych terenach oraz w naszych budynkach w zwi\u0105zku ze stosowaniem zabezpieczenia w postaci monitoringu wizyjnego.<\/li>\n<li>Podstawa i cele przetwarzania danych:\n<ol>\n<li><strong>zawarcie i wykonanie umowy; <\/strong><\/li>\n<li><strong>wykonanie ci\u0105\u017c\u0105cych obowi\u0105zk\u00f3w prawnych<\/strong>, np.:\n<ol style=\"list-style-type: lower-alpha;\">\n<li>przechowywanie danych na potrzeby przysz\u0142ych post\u0119powa\u0144 prowadzonych przez uprawnione organy;<\/li>\n<li>sk\u0142adanie i rozpatrywanie reklamacji;<\/li>\n<li>sporz\u0105dzanie wszelkiej dokumentacji zgodnie z obowi\u0105zuj\u0105cymi przepisami i na\u0142o\u017conymi na nas obowi\u0105zkami prawnymi;<\/li>\n<li>rozliczanie nale\u017cno\u015bci publicznoprawnych;<\/li>\n<li>relacje inwestorskie.<\/li>\n<\/ol>\n<\/li>\n<li><strong>usprawiedliwiony interes prawny:<\/strong>\n<ol style=\"list-style-type: lower-alpha;\">\n<li>dokumentowanie czynno\u015bci;<\/li>\n<li>ustalenie, obrona i dochodzenie roszcze\u0144;<\/li>\n<li>marketing bezpo\u015bredni;<\/li>\n<li>tworzenie zestawie\u0144, analiz i statystyk na potrzeby wewn\u0119trzne;<\/li>\n<li>weryfikacja wiarygodno\u015bci p\u0142atniczej kontrahenta;<\/li>\n<li>windykacja nale\u017cno\u015bci;<\/li>\n<li>archiwizacja;<\/li>\n<li>zapobieganie i wykrywanie przest\u0119pstw.<\/li>\n<\/ol>\n<\/li>\n<\/ol>\n<\/li>\n<\/ul>\n<p><strong>POCHODZENIE DANYCH OSOBOWYCH<\/strong><br \/> Przetwarzane dane osobowe przekazywane s\u0105 nam bezpo\u015brednio przez osoby, kt\u00f3rych dane dotycz\u0105 lub od innych administrator\u00f3w danych, z kt\u00f3rymi wsp\u00f3\u0142pracujemy lub z powszechnie dost\u0119pnych \u017ar\u00f3de\u0142.<\/p>\n<p><strong>BRAK OBOWI\u0104ZKU PODANIA DANYCH<\/strong><br \/> Podanie danych osobowych jest co do zasady dobrowolne, stanowi\u0107 mo\u017ce jednak\u017ce wym\u00f3g niezb\u0119dny do zawarcia umowy lub dokonania innej czynno\u015bci. Obowi\u0105zek podania danych osobowych mo\u017ce r\u00f3wnie\u017c wynika\u0107 z obowi\u0105zuj\u0105cych przepis\u00f3w.<\/p>\n<p><strong>ODBIORCY DANYCH OSOBOWYCH <\/strong><br \/> Przetwarzane dane osobowe, w tym przez osoby upowa\u017cnione, mo\u017cemy przekazywa\u0107:<\/p>\n<ol>\n<li><strong>podmiotom przetwarzaj\u0105cym <\/strong>dane w naszym imieniu:\n<ol>\n<li>podmiotom po\u015brednicz\u0105cym w zawieranych przez nas transakcjach;<\/li>\n<li>naszym podwykonawcom;<\/li>\n<li>podmiotom \u015bwiadcz\u0105cym na nasz\u0105 rzecz us\u0142ugi doradcze, konsultacyjne, audytorskie, informatyczne, pomoc prawn\u0105, podatkow\u0105, rachunkow\u0105, agencjom badawczym dzia\u0142aj\u0105cym na nasze zlecenie, podmiotom \u015bwiadcz\u0105cym na nasz\u0105 rzecz us\u0142ugi ochrony mienia;<\/li>\n<\/ol>\n<\/li>\n<li><strong>innym administratorom <\/strong>danych przetwarzaj\u0105cym dane we w\u0142asnym imieniu, kt\u00f3rych udzia\u0142 jest konieczny do realizacji odpowiedniego procesu, m.in.:\n<ol>\n<li>firmy transportowe;<\/li>\n<li>spedytorzy;<\/li>\n<li>agencje celne;<\/li>\n<li>ubezpieczyciele;<\/li>\n<li>organy i urz\u0119dy pa\u0144stwowe lub samorz\u0105dowe;<\/li>\n<li>s\u0105dy;<\/li>\n<li>komornicy;<\/li>\n<li>operatorzy pocztowi i kurierzy;<\/li>\n<li>banki oraz operatorzy p\u0142atno\u015bci;<\/li>\n<li>podmioty wsp\u00f3\u0142pracuj\u0105ce z nami przy obs\u0142udze spraw ksi\u0119gowych, podatkowych, prawnych \u2013 w zakresie, w jakim stan\u0105 si\u0119 administratorem danych;<\/li>\n<li>podmioty wchodz\u0105ce w sk\u0142ad naszej grupy kapita\u0142owej.<\/li>\n<\/ol>\n<\/li>\n<\/ol>\n<p><strong>OKRES PRZECHOWYWANIA DANYCH<\/strong><br \/> Przetwarzamy dane przez czas niezb\u0119dny do osi\u0105gni\u0119cia cel\u00f3w przetwarzania lub zgodnie z wymogami na\u0142o\u017conymi przez obowi\u0105zuj\u0105ce przepisy. Po zrealizowaniu danego celu przetwarzania, archiwizujemy dane osobowe zgodnie z obowi\u0105zuj\u0105cymi przepisami prawa, w tym w szczeg\u00f3lno\u015bci uwzgl\u0119dniaj\u0105c okresy przedawnienia roszcze\u0144 cywilnoprawnych oraz okres przedawnienia roszcze\u0144 publicznoprawnych.<\/p>\n<p><strong>ZAUTOMATYZOWANE PODEJMOWANIE DECYZJI I PRZEKAZYWANIE DANYCH OSOBOWYCH POZA OBSZAR EOG<\/strong><br \/> Dane osobowe nie s\u0105 poddawane zautomatyzowanemu podejmowaniu decyzji, w tym profilowaniu ani nie s\u0105 przekazywane poza obszar Unii Europejskiej b\u0105d\u017a Europejski Obszar Gospodarczy.<\/p>\n<p><strong>UPRAWNIENIA OS\u00d3B, KT\u00d3RYCH DANE DOTYCZ\u0104<\/strong><br \/> Osoby, kt\u00f3rych dane dotycz\u0105 maj\u0105 prawo do:<\/p>\n<ol>\n<li><strong>sprostowania <\/strong>(poprawienia) danych, w zakresie i na zasadach okre\u015blonych w art. 16 RODO;<\/li>\n<li><strong>usuni\u0119cia <\/strong>danych, w zakresie i na zasadach okre\u015blonych w art. 17 RODO;<\/li>\n<li><strong>ograniczenia przetwarzania <\/strong>(wstrzymania operacji na danych lub nieusuwania danych), w zakresie i na zasadach okre\u015blonych w art. 18 RODO;<\/li>\n<li><strong>dost\u0119pu <\/strong>do danych (wnosz\u0105c o informacj\u0119 o przetwarzanych przez nas danych oraz o kopi\u0119 danych), w zakresie i na zasadach okre\u015blonych w art. 15 RODO;<\/li>\n<li><strong>przeniesienia danych <\/strong>w zakresie i na zasadach okre\u015blonych w art. 20 RODO;<\/li>\n<li>wniesienia <strong>sprzeciwu <\/strong>wobec przetwarzania przez nas danych osobowych (w tym profilowania) w zakresie i na zasadach okre\u015blonych w art. 21 RODO.<\/li>\n<\/ol>\n<p>Z powy\u017cszych praw mo\u017cna skorzysta\u0107 kontaktuj\u0105c si\u0119 pod adresem e-mail: <a href=\"mailto:joanna.byczek@garo.com.pl\">joanna.byczek@garo.com.pl<\/a> lub pisemnie na adres siedziby Administratora wskazany w pkt 1) powy\u017cej.<\/p>\n<p>Zakres ka\u017cdego z tych praw oraz sytuacje, kiedy mo\u017cna z nich skorzysta\u0107, wynikaj\u0105 z przepis\u00f3w prawa. Ka\u017cdorazowo uprawnienie zale\u017ce\u0107 b\u0119dzie np. od podstawy prawnej przetwarzania danych przez Administratora oraz od celu ich przetwarzania.<\/p>\n<p><strong>SKARGA DO ORGANU NADZORCZEGO<\/strong><br \/> Osobie, kt\u00f3rej dane dotycz\u0105 przys\u0142uguje prawo wniesienia skargi w zakresie przetwarzania jej danych osobowych do organu nadzorczego, kt\u00f3rym jest Prezes Urz\u0119du Ochrony Danych Osobowych.<\/p>\n<p>Wszelkie pytania w zakresie danych osobowych prosimy kierowa\u0107 na adres e-mail: <a href=\"mailto:joanna.byczek@garo.com.pl\">joanna.byczek@garo.com.pl<\/a> lub pisemnie na adres siedziby Administratora wskazany w pkt 1) powy\u017cej.<\/p>\n<p>Szczecin, 25 maja 2018r.<\/p>\n<\/div>\n<\/div><\/div><\/div><div id=\"pgc-770-0-1\"  class=\"panel-grid-cell\" ><div id=\"panel-770-0-1-0\" class=\"so-panel widget widget_sow-editor panel-first-child panel-last-child\" data-index=\"1\" ><div\n\t\t\t\n\t\t\tclass=\"so-widget-sow-editor so-widget-sow-editor-base\"\n\t\t\t\n\t\t>\n<div class=\"siteorigin-widget-tinymce textwidget\">\n\t<p>Zgodnie z polityk\u0105 dystrybucji obowi\u0105zuj\u0105c\u0105 w sp\u00f3\u0142ce GARO Polska Sp\u00f3\u0142ka z ograniczon\u0105 odpowiedzialno\u015bci\u0105 sprzeda\u017c prowadzona jest poprzez sie\u0107 dystrybucji na terenie Polski. Pa\u0144stwa zapytania ofertowe wraz z danymi kontaktowymi przekazywane s\u0105 dystrybutorom, kt\u00f3rych wykaz znajduje si\u0119 na naszej stronie internetowej pod adresem www.garocharging.com\/pl. Dystrybutor b\u0119dzie si\u0119 z Pa\u0144stwem kontaktowa\u0142 w zwi\u0105zku z przes\u0142anym zapytaniem ofertowym.<\/p>\n<\/div>\n<\/div><\/div><\/div><\/div><\/div>","protected":false},"excerpt":{"rendered":"<p>OBOWI\u0104ZEK INFORMACYJNY W ZAKRESIE OCHRONY DANYCH OSOBOWYCH (dla klient\u00f3w \/ kooperant\u00f3w) Dzia\u0142aj\u0105c na podstawie przepisu art. 13 ust. 1 i 2 Rozporz\u0105dzenia Parlamentu Europejskiego i Rady (UE) 2016\/679 z dnia 27 kwietnia 2016 r. w sprawie ochrony os\u00f3b fizycznych w zwi\u0105zku z przetwarzaniem danych osobowych i w sprawie swobodnego przep\u0142ywu takich danych oraz uchylenia dyrektywy [&hellip;]<\/p>\n","protected":false},"author":5,"featured_media":281,"parent":0,"menu_order":2,"comment_status":"closed","ping_status":"closed","template":"","meta":[],"yoast_head":"<!-- This site is optimized with the Yoast SEO plugin v20.11 - https:\/\/yoast.com\/wordpress\/plugins\/seo\/ -->\n<title>Informacje prawne - RODO - GARO EV Chargers<\/title>\n<meta name=\"robots\" content=\"index, follow, max-snippet:-1, max-image-preview:large, max-video-preview:-1\" \/>\n<link rel=\"canonical\" href=\"http:\/\/garocharging.com\/pl\/informacje-prawne-rodo\/\" \/>\n<meta property=\"og:locale\" content=\"pl_PL\" \/>\n<meta property=\"og:type\" content=\"article\" \/>\n<meta property=\"og:title\" content=\"Informacje prawne - RODO - GARO EV Chargers\" \/>\n<meta property=\"og:description\" content=\"OBOWI\u0104ZEK INFORMACYJNY W ZAKRESIE OCHRONY DANYCH OSOBOWYCH (dla klient\u00f3w \/ kooperant\u00f3w) Dzia\u0142aj\u0105c na podstawie przepisu art. 13 ust. 1 i 2 Rozporz\u0105dzenia Parlamentu Europejskiego i Rady (UE) 2016\/679 z dnia 27 kwietnia 2016 r. w sprawie ochrony os\u00f3b fizycznych w zwi\u0105zku z przetwarzaniem danych osobowych i w sprawie swobodnego przep\u0142ywu takich danych oraz uchylenia dyrektywy [&hellip;]\" \/>\n<meta property=\"og:url\" content=\"http:\/\/garocharging.com\/pl\/informacje-prawne-rodo\/\" \/>\n<meta property=\"og:site_name\" content=\"GARO EV Chargers\" \/>\n<meta property=\"article:modified_time\" content=\"2018-06-26T09:57:00+00:00\" \/>\n<meta property=\"og:image\" content=\"http:\/\/garocharging.com\/pl\/wp-content\/uploads\/2017\/05\/download.jpg\" \/>\n\t<meta property=\"og:image:width\" content=\"1920\" \/>\n\t<meta property=\"og:image:height\" content=\"894\" \/>\n\t<meta property=\"og:image:type\" content=\"image\/jpeg\" \/>\n<meta name=\"twitter:card\" content=\"summary_large_image\" \/>\n<meta name=\"twitter:label1\" content=\"Szacowany czas czytania\" \/>\n\t<meta name=\"twitter:data1\" content=\"6 minut\" \/>\n<script type=\"application\/ld+json\" class=\"yoast-schema-graph\">{\"@context\":\"https:\/\/schema.org\",\"@graph\":[{\"@type\":\"WebPage\",\"@id\":\"http:\/\/garocharging.com\/pl\/informacje-prawne-rodo\/\",\"url\":\"http:\/\/garocharging.com\/pl\/informacje-prawne-rodo\/\",\"name\":\"Informacje prawne - RODO - GARO EV Chargers\",\"isPartOf\":{\"@id\":\"http:\/\/garocharging.com\/pl\/#website\"},\"datePublished\":\"2018-06-26T09:56:04+00:00\",\"dateModified\":\"2018-06-26T09:57:00+00:00\",\"breadcrumb\":{\"@id\":\"http:\/\/garocharging.com\/pl\/informacje-prawne-rodo\/#breadcrumb\"},\"inLanguage\":\"pl-PL\",\"potentialAction\":[{\"@type\":\"ReadAction\",\"target\":[\"http:\/\/garocharging.com\/pl\/informacje-prawne-rodo\/\"]}]},{\"@type\":\"BreadcrumbList\",\"@id\":\"http:\/\/garocharging.com\/pl\/informacje-prawne-rodo\/#breadcrumb\",\"itemListElement\":[{\"@type\":\"ListItem\",\"position\":1,\"name\":\"Strona g\u0142\u00f3wna\",\"item\":\"http:\/\/garocharging.com\/pl\/\"},{\"@type\":\"ListItem\",\"position\":2,\"name\":\"Informacje prawne &#8211; RODO\"}]},{\"@type\":\"WebSite\",\"@id\":\"http:\/\/garocharging.com\/pl\/#website\",\"url\":\"http:\/\/garocharging.com\/pl\/\",\"name\":\"GARO EV Chargers\",\"description\":\"Stacje do \u0142adowania samochod\u00f3w elektyrcznych\",\"potentialAction\":[{\"@type\":\"SearchAction\",\"target\":{\"@type\":\"EntryPoint\",\"urlTemplate\":\"http:\/\/garocharging.com\/pl\/?s={search_term_string}\"},\"query-input\":\"required name=search_term_string\"}],\"inLanguage\":\"pl-PL\"}]}<\/script>\n<!-- \/ Yoast SEO plugin. -->","yoast_head_json":{"title":"Informacje prawne - RODO - GARO EV Chargers","robots":{"index":"index","follow":"follow","max-snippet":"max-snippet:-1","max-image-preview":"max-image-preview:large","max-video-preview":"max-video-preview:-1"},"canonical":"http:\/\/garocharging.com\/pl\/informacje-prawne-rodo\/","og_locale":"pl_PL","og_type":"article","og_title":"Informacje prawne - RODO - GARO EV Chargers","og_description":"OBOWI\u0104ZEK INFORMACYJNY W ZAKRESIE OCHRONY DANYCH OSOBOWYCH (dla klient\u00f3w \/ kooperant\u00f3w) Dzia\u0142aj\u0105c na podstawie przepisu art. 13 ust. 1 i 2 Rozporz\u0105dzenia Parlamentu Europejskiego i Rady (UE) 2016\/679 z dnia 27 kwietnia 2016 r. w sprawie ochrony os\u00f3b fizycznych w zwi\u0105zku z przetwarzaniem danych osobowych i w sprawie swobodnego przep\u0142ywu takich danych oraz uchylenia dyrektywy [&hellip;]","og_url":"http:\/\/garocharging.com\/pl\/informacje-prawne-rodo\/","og_site_name":"GARO EV Chargers","article_modified_time":"2018-06-26T09:57:00+00:00","og_image":[{"width":1920,"height":894,"url":"http:\/\/garocharging.com\/pl\/wp-content\/uploads\/2017\/05\/download.jpg","type":"image\/jpeg"}],"twitter_card":"summary_large_image","twitter_misc":{"Szacowany czas czytania":"6 minut"},"schema":{"@context":"https:\/\/schema.org","@graph":[{"@type":"WebPage","@id":"http:\/\/garocharging.com\/pl\/informacje-prawne-rodo\/","url":"http:\/\/garocharging.com\/pl\/informacje-prawne-rodo\/","name":"Informacje prawne - RODO - GARO EV Chargers","isPartOf":{"@id":"http:\/\/garocharging.com\/pl\/#website"},"datePublished":"2018-06-26T09:56:04+00:00","dateModified":"2018-06-26T09:57:00+00:00","breadcrumb":{"@id":"http:\/\/garocharging.com\/pl\/informacje-prawne-rodo\/#breadcrumb"},"inLanguage":"pl-PL","potentialAction":[{"@type":"ReadAction","target":["http:\/\/garocharging.com\/pl\/informacje-prawne-rodo\/"]}]},{"@type":"BreadcrumbList","@id":"http:\/\/garocharging.com\/pl\/informacje-prawne-rodo\/#breadcrumb","itemListElement":[{"@type":"ListItem","position":1,"name":"Strona g\u0142\u00f3wna","item":"http:\/\/garocharging.com\/pl\/"},{"@type":"ListItem","position":2,"name":"Informacje prawne &#8211; RODO"}]},{"@type":"WebSite","@id":"http:\/\/garocharging.com\/pl\/#website","url":"http:\/\/garocharging.com\/pl\/","name":"GARO EV Chargers","description":"Stacje do \u0142adowania samochod\u00f3w elektyrcznych","potentialAction":[{"@type":"SearchAction","target":{"@type":"EntryPoint","urlTemplate":"http:\/\/garocharging.com\/pl\/?s={search_term_string}"},"query-input":"required name=search_term_string"}],"inLanguage":"pl-PL"}]}},"_links":{"self":[{"href":"http:\/\/garocharging.com\/pl\/wp-json\/wp\/v2\/pages\/770"}],"collection":[{"href":"http:\/\/garocharging.com\/pl\/wp-json\/wp\/v2\/pages"}],"about":[{"href":"http:\/\/garocharging.com\/pl\/wp-json\/wp\/v2\/types\/page"}],"author":[{"embeddable":true,"href":"http:\/\/garocharging.com\/pl\/wp-json\/wp\/v2\/users\/5"}],"replies":[{"embeddable":true,"href":"http:\/\/garocharging.com\/pl\/wp-json\/wp\/v2\/comments?post=770"}],"version-history":[{"count":6,"href":"http:\/\/garocharging.com\/pl\/wp-json\/wp\/v2\/pages\/770\/revisions"}],"predecessor-version":[{"id":776,"href":"http:\/\/garocharging.com\/pl\/wp-json\/wp\/v2\/pages\/770\/revisions\/776"}],"wp:featuredmedia":[{"embeddable":true,"href":"http:\/\/garocharging.com\/pl\/wp-json\/wp\/v2\/media\/281"}],"wp:attachment":[{"href":"http:\/\/garocharging.com\/pl\/wp-json\/wp\/v2\/media?parent=770"}],"curies":[{"name":"wp","href":"https:\/\/api.w.org\/{rel}","templated":true}]}}