{"id":62,"date":"2017-03-28T09:08:24","date_gmt":"2017-03-28T09:08:24","guid":{"rendered":"http:\/\/garocharging.com\/pl\/?page_id=62"},"modified":"2017-10-14T06:22:26","modified_gmt":"2017-10-14T06:22:26","slug":"ls4-public-charging","status":"publish","type":"page","link":"http:\/\/garocharging.com\/pl\/ls4-public-charging\/","title":{"rendered":"LS4 Public Charging"},"content":{"rendered":"<div id=\"pl-62\"  class=\"panel-layout\" ><div id=\"pg-62-0\"  class=\"panel-grid panel-has-style\" ><div class=\"ramka panel-row-style panel-row-style-for-62-0\" ><div id=\"pgc-62-0-0\"  class=\"panel-grid-cell\" ><div id=\"panel-62-0-0-0\" class=\"so-panel widget widget_sow-editor panel-first-child panel-last-child\" data-index=\"0\" ><div class=\"strzalka panel-widget-style panel-widget-style-for-62-0-0-0\" ><div\n\t\t\t\n\t\t\tclass=\"so-widget-sow-editor so-widget-sow-editor-base\"\n\t\t\t\n\t\t>\n<div class=\"siteorigin-widget-tinymce textwidget\">\n\t<h1>Prostota i intuicyjna obs\u0142uga<\/h1>\n<p>Dzi\u0119ki naszemu do\u015bwiadczeniu, po\u0142\u0105czonemu ze skandynawskim wzornictwem i przyjaznym dla u\u017cytkowania interfejsem, mo\u017cemy odda\u0107 w Twoje r\u0119ce stacj\u0119 LS4 specjalnie przystosowan\u0105 do u\u017cytkowania w przestrzeniach publicznych. Posiada wyj\u0105tkowo trwa\u0142\u0105 aluminiow\u0105 obudow\u0119 odporn\u0105 na warunki atmosferyczne; praktyczny wska\u017anik \u0142adowania LED; dwa pod\u015bwietlone i zabezpieczone gniazda typu 2; oddzielne zabezpieczenia i wy\u0142\u0105czniki r\u00f3\u017cnicowopr\u0105dowe dla ka\u017cdego gniazda oraz zintegrowan\u0105 elektronik\u0119 obs\u0142uguj\u0105c\u0105 komunikacj\u0119 mi\u0119dzy stacj\u0105 a pojazdem.<\/p>\n<p>Jej dodatkowym atutem jest wska\u017anik w postaci paska \u015bwietlnego 360\u00b0, kt\u00f3ry pozwala u\u017cytkownikowi na \u0142atwe odczytanie stanu \u0142adowania ka\u017cdego gniazda nawet ze znaczeni odleg\u0142o\u015bci, bez koniczno\u015bci podchodzenia do stacji \u0142adowania.<\/p>\n<p><strong>\u0141adowarka dopasowana do Ciebie!\u00a0<\/strong> \u0141adowark\u0119 LS4, za pomoc\u0105 folii winylowej, mo\u017cna spersonalizowa\u0107 - doda\u0107 logo i elementy identyfikacji oraz oraz instrukcj\u0119 u\u017cytkowania.<\/p>\n<p><a href=\"#chargers\" rel=\"m_PageScroll2id\">Nasze \u0142adowarki<\/a><\/p>\n<\/div>\n<\/div><\/div><\/div><\/div><div id=\"pgc-62-0-1\"  class=\"panel-grid-cell\" ><div id=\"panel-62-0-1-0\" class=\"so-panel widget widget_sow-image panel-first-child panel-last-child\" data-index=\"1\" ><div class=\"panel-widget-style panel-widget-style-for-62-0-1-0\" ><div\n\t\t\t\n\t\t\tclass=\"so-widget-sow-image so-widget-sow-image-default-dbf295114b96-62\"\n\t\t\t\n\t\t>\n\n<div class=\"sow-image-container\">\n\t\t<img src=\"http:\/\/garocharging.com\/pl\/wp-content\/uploads\/2017\/03\/ev.jpg\" width=\"591\" height=\"456\" srcset=\"http:\/\/garocharging.com\/pl\/wp-content\/uploads\/2017\/03\/ev.jpg 591w, http:\/\/garocharging.com\/pl\/wp-content\/uploads\/2017\/03\/ev-300x231.jpg 300w, http:\/\/garocharging.com\/pl\/wp-content\/uploads\/2017\/03\/ev-433x333.jpg 433w\" sizes=\"(max-width: 591px) 100vw, 591px\" alt=\"\" loading=\"lazy\" \t\tclass=\"so-widget-image\"\/>\n\t<\/div>\n\n<\/div><\/div><\/div><\/div><\/div><\/div><div id=\"pg-62-1\"  class=\"panel-grid panel-has-style\" ><div class=\"panel-row-style panel-row-style-for-62-1\" ><div id=\"pgc-62-1-0\"  class=\"panel-grid-cell\" ><div id=\"panel-62-1-0-0\" class=\"so-panel widget widget_sow-editor panel-first-child panel-last-child\" data-index=\"2\" ><div class=\"panel-widget-style panel-widget-style-for-62-1-0-0\" ><div\n\t\t\t\n\t\t\tclass=\"so-widget-sow-editor so-widget-sow-editor-base\"\n\t\t\t\n\t\t>\n<div class=\"siteorigin-widget-tinymce textwidget\">\n\t<div class=\"box-img\"><img decoding=\"async\" loading=\"lazy\" class=\"alignnone size-full wp-image-68\" src=\"http:\/\/garocharging.com\/pl\/wp-content\/uploads\/2017\/03\/economy.png\" alt=\"\" width=\"95\" height=\"95\" \/><\/div>\n<div class=\"box-text\">\n<h2>KOMPLETNE ROZWI\u0104ZANIA<\/h2>\n<p>LS4 to atrakcyjna cena, szeroka gwarancja, \u0142atwa instalacja i niski koszt utrzymania. Ponadto nasze stacje s\u0105 produkowane g\u0142\u00f3wnie z aluminium, dzi\u0119ki czemu spe\u0142niaj\u0105 wymagania (IK10) stawiane stacjom \u0142aduj\u0105cym zainstalowanym w miejscach publicznych.<\/p>\n<\/div>\n<\/div>\n<\/div><\/div><\/div><\/div><div id=\"pgc-62-1-1\"  class=\"panel-grid-cell\" ><div id=\"panel-62-1-1-0\" class=\"so-panel widget widget_sow-editor panel-first-child panel-last-child\" data-index=\"3\" ><div class=\"panel-widget-style panel-widget-style-for-62-1-1-0\" ><div\n\t\t\t\n\t\t\tclass=\"so-widget-sow-editor so-widget-sow-editor-base\"\n\t\t\t\n\t\t>\n<div class=\"siteorigin-widget-tinymce textwidget\">\n\t<div class=\"box-img\"><img decoding=\"async\" loading=\"lazy\" class=\"alignnone wp-image-67 size-full\" src=\"http:\/\/garocharging.com\/pl\/wp-content\/uploads\/2017\/03\/ease.png\" alt=\"\" width=\"95\" height=\"95\" \/><\/div>\n<div class=\"box-text\">\n<h2>przyjazne u\u017cytkownikowi<\/h2>\n<p>Tak proste jak \u201eplug and play\u201d. W wersji podstawowej po prostu pod\u0142\u0105czasz sw\u00f3j samoch\u00f3d do gniazda. W wersji wyposa\u017conej w czytniki RFID wk\u0142adasz kart\u0119 a \u0142adowanie rozpoczyna si\u0119 od razu, gdy komunikacja MODE3 mi\u0119dzy samochodem a \u0142adowark\u0105 jest gotowa.<\/p>\n<\/div>\n<\/div>\n<\/div><\/div><\/div><\/div><div id=\"pgc-62-1-2\"  class=\"panel-grid-cell\" ><div id=\"panel-62-1-2-0\" class=\"so-panel widget widget_sow-editor panel-first-child panel-last-child\" data-index=\"4\" ><div class=\"panel-widget-style panel-widget-style-for-62-1-2-0\" ><div\n\t\t\t\n\t\t\tclass=\"so-widget-sow-editor so-widget-sow-editor-base\"\n\t\t\t\n\t\t>\n<div class=\"siteorigin-widget-tinymce textwidget\">\n\t<div class=\"box-img\"><img decoding=\"async\" loading=\"lazy\" class=\"alignnone wp-image-69 size-full\" src=\"http:\/\/garocharging.com\/pl\/wp-content\/uploads\/2017\/03\/connect.png\" alt=\"\" width=\"95\" height=\"95\" \/><\/div>\n<div class=\"box-text\">\n<h2>INTELIGENTNA KOMUNIKACJA<\/h2>\n<p>LS4 mo\u017ce by\u0107 wyposa\u017cony w komunikacj\u0119 poprzez mobiln\u0105 sie\u0107 3G lub LAN. Stacja mo\u017ce by\u0107 dodatkowo wyposa\u017cona w wbudowany czytnik RFID i \/ lub aplikacj\u0119 mobiln\u0105, dzi\u0119ki temu w \u0142atwy spos\u00f3b mo\u017cna rozlicza\u0107 i monitorowa\u0107 prac\u0119 stacji \u0142aduj\u0105cej.<\/p>\n<\/div>\n<\/div>\n<\/div><\/div><\/div><\/div><\/div><\/div><div id=\"pg-62-2\"  class=\"panel-grid panel-has-style\" ><div class=\"chargers anim panel-row-style panel-row-style-for-62-2\" id=\"chargers\" ><div id=\"pgc-62-2-0\"  class=\"panel-grid-cell\" ><div id=\"panel-62-2-0-0\" class=\"so-panel widget widget_sow-editor panel-first-child panel-last-child\" data-index=\"5\" ><div class=\"prod-flex-wrap panel-widget-style panel-widget-style-for-62-2-0-0\" ><div\n\t\t\t\n\t\t\tclass=\"so-widget-sow-editor so-widget-sow-editor-base\"\n\t\t\t\n\t\t>\n<div class=\"siteorigin-widget-tinymce textwidget\">\n\t<div id=\"text1\" class=\"prod-flex\">\n<h2><img decoding=\"async\" loading=\"lazy\" class=\"alignright size-full wp-image-346\" src=\"http:\/\/garocharging.com\/pl\/wp-content\/uploads\/2017\/03\/ls4.png\" alt=\"\" width=\"110\" height=\"105\" \/>LS4<\/h2>\n<h4>Type 2 socket (wersja z gniazdami)<\/h4>\n<p>Stacja jest wyposa\u017cona w dwa pod\u015bwietlone gniazda typu 2 zabezpieczone przed wp\u0142ywem czynnik\u00f3w atmosferycznych. Garo LS-4 wyst\u0119puje w wersji 16 A, 32 A, zar\u00f3wno 1- jak i 3-fazowej, z opcjonalnym licznikiem energii elektrycznej. Posiada oddzielne zabezpieczenia i wy\u0142\u0105czniki r\u00f3\u017cnicowopr\u0105dowe dla ka\u017cdego gniazda oraz zintegrowan\u0105 elektronik\u0119 obs\u0142uguj\u0105c\u0105 komunikacj\u0119 mi\u0119dzy stacj\u0105 a samochodem.<\/p>\n<h5>G\u0142\u00f3wne cechy<\/h5>\n<p>Z\u0142\u0105cza (Mode-3)<br \/> Personalizacja<br \/> Wykonanie stoj\u0105ce lub na\u015bcienne<br \/> Instalacja typu plug &amp; play<br \/>Lokalny i zdalny monitoring oraz kontrola urz\u0105dze\u0144<\/p>\n<p><strong>Mo\u017cliwa zabudowa wolnostoj\u0105ca\u00a0lub zintegrowana z\u00a0systemem zarz\u0105dzania.\u00a0<\/strong><\/p>\n<h5>Wi\u0119cej informacji \/ specyfikacja<\/h5>\n<p><a class=\"pdf\" href=\"http:\/\/garocharging.com\/pl\/wp-content\/uploads\/2017\/06\/GARO_BROSZURA_LS4.pdf\" target=\"_blank\" rel=\"noopener noreferrer\">BROSZURA<\/a><\/p>\n<\/div>\n<div id=\"zdjecie1\" class=\"img-flex\"><img decoding=\"async\" loading=\"lazy\" class=\"alignnone wp-image-74\" src=\"http:\/\/garocharging.com\/pl\/wp-content\/uploads\/2017\/03\/outlet.png\" alt=\"\" width=\"160\" height=\"676\" srcset=\"http:\/\/garocharging.com\/pl\/wp-content\/uploads\/2017\/03\/outlet.png 173w, http:\/\/garocharging.com\/pl\/wp-content\/uploads\/2017\/03\/outlet-71x300.png 71w\" sizes=\"(max-width: 160px) 100vw, 160px\" \/><\/div>\n<\/div>\n<\/div><\/div><\/div><\/div><div id=\"pgc-62-2-1\"  class=\"panel-grid-cell\" ><div id=\"panel-62-2-1-0\" class=\"so-panel widget widget_sow-editor panel-first-child panel-last-child\" data-index=\"6\" ><div class=\"prod-flex-wrap panel-widget-style panel-widget-style-for-62-2-1-0\" ><div\n\t\t\t\n\t\t\tclass=\"so-widget-sow-editor so-widget-sow-editor-base\"\n\t\t\t\n\t\t>\n<div class=\"siteorigin-widget-tinymce textwidget\">\n\t<div id=\"zdjecie2\" class=\"img-flex\">\n<p><img decoding=\"async\" loading=\"lazy\" class=\"alignnone wp-image-73\" src=\"http:\/\/garocharging.com\/pl\/wp-content\/uploads\/2017\/03\/z-kablami.png\" alt=\"\" width=\"211\" height=\"650\" \/><\/p>\n<\/div>\n<div id=\"text2\" class=\"prod-flex\">\n<h4>Type 2\/Type1 plug (wersja z kablami)<\/h4>\n<p>LS4 dost\u0119pna jest w wersji z kablami wyposa\u017conymi w z\u0142\u0105cza Type 1 lub Type 2, kt\u00f3rych typ mo\u017cemy wybra\u0107 s\u0105 podczas procesu zamawiania.\u00a0Konstrukcja urz\u0105dzenia pozwala na przykr\u0119cenie go do pod\u0142o\u017ca (np. betonu), zamocowanie na \u015bcianie lub osadzenie w ziemi za pomoc\u0105 zestawu monta\u017cowego z rur\u0105 \u00d8 60 mm. Wszystkie dost\u0119pne modele posiadaj\u0105 mo\u017cliwo\u015b\u0107 ograniczenia mocy (tzw. \u2018load balance\u2019).<\/p>\n<h5>Przeznaczenie<\/h5>\n<p>Parkingi w przestrzeniach publicznych<br \/>Supermarkety oraz centra handlowe<br \/>Stacje autobusowe i kolejowe<br \/>Restauracje<br \/>Parki maszynowe<\/p>\n<\/div>\n<\/div>\n<\/div><\/div><\/div><\/div><\/div><\/div><div id=\"pg-62-3\"  class=\"panel-grid panel-has-style\" ><div class=\"ramka anim panel-row-style panel-row-style-for-62-3\" ><div id=\"pgc-62-3-0\"  class=\"panel-grid-cell\" ><div id=\"panel-62-3-0-0\" class=\"so-panel widget widget_sow-editor panel-first-child panel-last-child\" data-index=\"7\" ><div class=\"naglowek-pod panel-widget-style panel-widget-style-for-62-3-0-0\" ><div\n\t\t\t\n\t\t\tclass=\"so-widget-sow-editor so-widget-sow-editor-base\"\n\t\t\t\n\t\t>\n<div class=\"siteorigin-widget-tinymce textwidget\">\n\t<h3>POZNAJ GARO LS4\u00a0<\/h3>\n<p><strong>Wyra\u017any wska\u017anik na\u0142adowania akumulatora 360\u00b0<\/strong> \u2013 nieograniczona widoczno\u015b\u0107<br \/><strong>\u015awiat\u0142o czo\u0142owe<\/strong> \u2013\u00a0informacje widoczne nawet w ciemno\u015bci<br \/><strong>O\u015bwietlenie LED<\/strong> \u00a0\u2013\u00a0efektywne i niezawodne<br \/><strong>Wodoodporne gniazda EV<\/strong> \u2013\u00a0dla d\u0142ugiej \u017cywotno\u015bci<br \/><strong>Pod\u015bwietlane gniazda EV<\/strong> \u2013 \u0142atwe do pod\u0142\u0105czenia<br \/><strong>Czytnik RFID<\/strong> \u2013 \u0142atwy do u\u017cytkowania<br \/><strong>Prosty monta\u017c<\/strong> \u2013\u00a0jest w pe\u0142ni zmontowany w chwili dostawy<br \/><strong>\u0141atwa instalacja<\/strong> \u2013 prosta w obs\u0142udze i konserwacji<br \/><strong>Specjalna gumowa membrana<\/strong> \u2013 ochrona przed wilgoci\u0105 i szkodnikami<br \/><strong>Regulacja temperatury<\/strong> (opcja zimna) - zapobiega ch\u0142odzeniu i kondensacji<\/p>\n<\/div>\n<\/div><\/div><\/div><\/div><div id=\"pgc-62-3-1\"  class=\"panel-grid-cell\" ><div id=\"panel-62-3-1-0\" class=\"so-panel widget widget_sow-editor panel-first-child panel-last-child\" data-index=\"8\" ><div\n\t\t\t\n\t\t\tclass=\"so-widget-sow-editor so-widget-sow-editor-base\"\n\t\t\t\n\t\t>\n<div class=\"siteorigin-widget-tinymce textwidget\">\n\t<div class=\"more\"><strong>wi\u0119cej<\/strong><br \/>\nKliknij + by przeczyta\u0107 opis<\/div>\n<div id=\"ls4\"><img decoding=\"async\" loading=\"lazy\" class=\"alignnone wp-image-431 size-full\" src=\"http:\/\/garocharging.com\/pl\/wp-content\/uploads\/2017\/03\/charger2.jpg\" alt=\"\" width=\"285\" height=\"534\" srcset=\"http:\/\/garocharging.com\/pl\/wp-content\/uploads\/2017\/03\/charger2.jpg 285w, http:\/\/garocharging.com\/pl\/wp-content\/uploads\/2017\/03\/charger2-160x300.jpg 160w\" sizes=\"(max-width: 285px) 100vw, 285px\" \/><\/div>\n<\/div>\n<\/div><\/div><\/div><\/div><\/div><\/div>","protected":false},"excerpt":{"rendered":"<p>Prostota i intuicyjna obs\u0142uga Dzi\u0119ki naszemu do\u015bwiadczeniu, po\u0142\u0105czonemu ze skandynawskim wzornictwem i przyjaznym dla u\u017cytkowania interfejsem, mo\u017cemy odda\u0107 w Twoje r\u0119ce stacj\u0119 LS4 specjalnie przystosowan\u0105 do u\u017cytkowania w przestrzeniach publicznych. Posiada wyj\u0105tkowo trwa\u0142\u0105 aluminiow\u0105 obudow\u0119 odporn\u0105 na warunki atmosferyczne; praktyczny wska\u017anik \u0142adowania LED; dwa pod\u015bwietlone i zabezpieczone gniazda typu 2; oddzielne zabezpieczenia i wy\u0142\u0105czniki r\u00f3\u017cnicowopr\u0105dowe [&hellip;]<\/p>\n","protected":false},"author":5,"featured_media":39,"parent":0,"menu_order":8,"comment_status":"closed","ping_status":"closed","template":"custom-produkt-ls4.php","meta":[],"yoast_head":"<!-- This site is optimized with the Yoast SEO plugin v20.11 - https:\/\/yoast.com\/wordpress\/plugins\/seo\/ -->\n<title>LS4 Public Charging - GARO EV Chargers<\/title>\n<meta name=\"robots\" content=\"index, follow, max-snippet:-1, max-image-preview:large, max-video-preview:-1\" \/>\n<link rel=\"canonical\" href=\"http:\/\/garocharging.com\/pl\/ls4-public-charging\/\" \/>\n<meta property=\"og:locale\" content=\"pl_PL\" \/>\n<meta property=\"og:type\" content=\"article\" \/>\n<meta property=\"og:title\" content=\"LS4 Public Charging - GARO EV Chargers\" \/>\n<meta property=\"og:description\" content=\"Prostota i intuicyjna obs\u0142uga Dzi\u0119ki naszemu do\u015bwiadczeniu, po\u0142\u0105czonemu ze skandynawskim wzornictwem i przyjaznym dla u\u017cytkowania interfejsem, mo\u017cemy odda\u0107 w Twoje r\u0119ce stacj\u0119 LS4 specjalnie przystosowan\u0105 do u\u017cytkowania w przestrzeniach publicznych. Posiada wyj\u0105tkowo trwa\u0142\u0105 aluminiow\u0105 obudow\u0119 odporn\u0105 na warunki atmosferyczne; praktyczny wska\u017anik \u0142adowania LED; dwa pod\u015bwietlone i zabezpieczone gniazda typu 2; oddzielne zabezpieczenia i wy\u0142\u0105czniki r\u00f3\u017cnicowopr\u0105dowe [&hellip;]\" \/>\n<meta property=\"og:url\" content=\"http:\/\/garocharging.com\/pl\/ls4-public-charging\/\" \/>\n<meta property=\"og:site_name\" content=\"GARO EV Chargers\" \/>\n<meta property=\"article:modified_time\" content=\"2017-10-14T06:22:26+00:00\" \/>\n<meta property=\"og:image\" content=\"http:\/\/garocharging.com\/pl\/wp-content\/uploads\/2017\/03\/garo-v2.jpg\" \/>\n\t<meta property=\"og:image:width\" content=\"1920\" \/>\n\t<meta property=\"og:image:height\" content=\"1137\" \/>\n\t<meta property=\"og:image:type\" content=\"image\/jpeg\" \/>\n<meta name=\"twitter:card\" content=\"summary_large_image\" \/>\n<meta name=\"twitter:label1\" content=\"Szacowany czas czytania\" \/>\n\t<meta name=\"twitter:data1\" content=\"3 minuty\" \/>\n<script type=\"application\/ld+json\" class=\"yoast-schema-graph\">{\"@context\":\"https:\/\/schema.org\",\"@graph\":[{\"@type\":\"WebPage\",\"@id\":\"http:\/\/garocharging.com\/pl\/ls4-public-charging\/\",\"url\":\"http:\/\/garocharging.com\/pl\/ls4-public-charging\/\",\"name\":\"LS4 Public Charging - GARO EV Chargers\",\"isPartOf\":{\"@id\":\"http:\/\/garocharging.com\/pl\/#website\"},\"datePublished\":\"2017-03-28T09:08:24+00:00\",\"dateModified\":\"2017-10-14T06:22:26+00:00\",\"breadcrumb\":{\"@id\":\"http:\/\/garocharging.com\/pl\/ls4-public-charging\/#breadcrumb\"},\"inLanguage\":\"pl-PL\",\"potentialAction\":[{\"@type\":\"ReadAction\",\"target\":[\"http:\/\/garocharging.com\/pl\/ls4-public-charging\/\"]}]},{\"@type\":\"BreadcrumbList\",\"@id\":\"http:\/\/garocharging.com\/pl\/ls4-public-charging\/#breadcrumb\",\"itemListElement\":[{\"@type\":\"ListItem\",\"position\":1,\"name\":\"Strona g\u0142\u00f3wna\",\"item\":\"http:\/\/garocharging.com\/pl\/\"},{\"@type\":\"ListItem\",\"position\":2,\"name\":\"LS4 Public Charging\"}]},{\"@type\":\"WebSite\",\"@id\":\"http:\/\/garocharging.com\/pl\/#website\",\"url\":\"http:\/\/garocharging.com\/pl\/\",\"name\":\"GARO EV Chargers\",\"description\":\"Stacje do \u0142adowania samochod\u00f3w elektyrcznych\",\"potentialAction\":[{\"@type\":\"SearchAction\",\"target\":{\"@type\":\"EntryPoint\",\"urlTemplate\":\"http:\/\/garocharging.com\/pl\/?s={search_term_string}\"},\"query-input\":\"required name=search_term_string\"}],\"inLanguage\":\"pl-PL\"}]}<\/script>\n<!-- \/ Yoast SEO plugin. -->","yoast_head_json":{"title":"LS4 Public Charging - GARO EV Chargers","robots":{"index":"index","follow":"follow","max-snippet":"max-snippet:-1","max-image-preview":"max-image-preview:large","max-video-preview":"max-video-preview:-1"},"canonical":"http:\/\/garocharging.com\/pl\/ls4-public-charging\/","og_locale":"pl_PL","og_type":"article","og_title":"LS4 Public Charging - GARO EV Chargers","og_description":"Prostota i intuicyjna obs\u0142uga Dzi\u0119ki naszemu do\u015bwiadczeniu, po\u0142\u0105czonemu ze skandynawskim wzornictwem i przyjaznym dla u\u017cytkowania interfejsem, mo\u017cemy odda\u0107 w Twoje r\u0119ce stacj\u0119 LS4 specjalnie przystosowan\u0105 do u\u017cytkowania w przestrzeniach publicznych. Posiada wyj\u0105tkowo trwa\u0142\u0105 aluminiow\u0105 obudow\u0119 odporn\u0105 na warunki atmosferyczne; praktyczny wska\u017anik \u0142adowania LED; dwa pod\u015bwietlone i zabezpieczone gniazda typu 2; oddzielne zabezpieczenia i wy\u0142\u0105czniki r\u00f3\u017cnicowopr\u0105dowe [&hellip;]","og_url":"http:\/\/garocharging.com\/pl\/ls4-public-charging\/","og_site_name":"GARO EV Chargers","article_modified_time":"2017-10-14T06:22:26+00:00","og_image":[{"width":1920,"height":1137,"url":"http:\/\/garocharging.com\/pl\/wp-content\/uploads\/2017\/03\/garo-v2.jpg","type":"image\/jpeg"}],"twitter_card":"summary_large_image","twitter_misc":{"Szacowany czas czytania":"3 minuty"},"schema":{"@context":"https:\/\/schema.org","@graph":[{"@type":"WebPage","@id":"http:\/\/garocharging.com\/pl\/ls4-public-charging\/","url":"http:\/\/garocharging.com\/pl\/ls4-public-charging\/","name":"LS4 Public Charging - GARO EV Chargers","isPartOf":{"@id":"http:\/\/garocharging.com\/pl\/#website"},"datePublished":"2017-03-28T09:08:24+00:00","dateModified":"2017-10-14T06:22:26+00:00","breadcrumb":{"@id":"http:\/\/garocharging.com\/pl\/ls4-public-charging\/#breadcrumb"},"inLanguage":"pl-PL","potentialAction":[{"@type":"ReadAction","target":["http:\/\/garocharging.com\/pl\/ls4-public-charging\/"]}]},{"@type":"BreadcrumbList","@id":"http:\/\/garocharging.com\/pl\/ls4-public-charging\/#breadcrumb","itemListElement":[{"@type":"ListItem","position":1,"name":"Strona g\u0142\u00f3wna","item":"http:\/\/garocharging.com\/pl\/"},{"@type":"ListItem","position":2,"name":"LS4 Public Charging"}]},{"@type":"WebSite","@id":"http:\/\/garocharging.com\/pl\/#website","url":"http:\/\/garocharging.com\/pl\/","name":"GARO EV Chargers","description":"Stacje do \u0142adowania samochod\u00f3w elektyrcznych","potentialAction":[{"@type":"SearchAction","target":{"@type":"EntryPoint","urlTemplate":"http:\/\/garocharging.com\/pl\/?s={search_term_string}"},"query-input":"required name=search_term_string"}],"inLanguage":"pl-PL"}]}},"_links":{"self":[{"href":"http:\/\/garocharging.com\/pl\/wp-json\/wp\/v2\/pages\/62"}],"collection":[{"href":"http:\/\/garocharging.com\/pl\/wp-json\/wp\/v2\/pages"}],"about":[{"href":"http:\/\/garocharging.com\/pl\/wp-json\/wp\/v2\/types\/page"}],"author":[{"embeddable":true,"href":"http:\/\/garocharging.com\/pl\/wp-json\/wp\/v2\/users\/5"}],"replies":[{"embeddable":true,"href":"http:\/\/garocharging.com\/pl\/wp-json\/wp\/v2\/comments?post=62"}],"version-history":[{"count":160,"href":"http:\/\/garocharging.com\/pl\/wp-json\/wp\/v2\/pages\/62\/revisions"}],"predecessor-version":[{"id":736,"href":"http:\/\/garocharging.com\/pl\/wp-json\/wp\/v2\/pages\/62\/revisions\/736"}],"wp:featuredmedia":[{"embeddable":true,"href":"http:\/\/garocharging.com\/pl\/wp-json\/wp\/v2\/media\/39"}],"wp:attachment":[{"href":"http:\/\/garocharging.com\/pl\/wp-json\/wp\/v2\/media?parent=62"}],"curies":[{"name":"wp","href":"https:\/\/api.w.org\/{rel}","templated":true}]}}