{"id":228,"date":"2017-05-31T07:31:49","date_gmt":"2017-05-31T07:31:49","guid":{"rendered":"http:\/\/garocharging.com\/pl\/?page_id=228"},"modified":"2017-08-09T09:51:22","modified_gmt":"2017-08-09T09:51:22","slug":"world-of-solutions","status":"publish","type":"page","link":"http:\/\/garocharging.com\/pl\/world-of-solutions\/","title":{"rendered":"World of solutions"},"content":{"rendered":"<div id=\"pl-228\"  class=\"panel-layout\" ><div id=\"pg-228-0\"  class=\"panel-grid panel-no-style\" ><div id=\"pgc-228-0-0\"  class=\"panel-grid-cell\" ><div id=\"panel-228-0-0-0\" class=\"so-panel widget widget_siteorigin-panels-builder panel-first-child panel-last-child\" data-index=\"0\" ><div id=\"pl-w5988561dc1fc0\"  class=\"panel-layout\" ><div id=\"pg-w5988561dc1fc0-0\"  class=\"panel-grid panel-no-style\" ><div id=\"pgc-w5988561dc1fc0-0-0\"  class=\"panel-grid-cell\" ><div id=\"panel-w5988561dc1fc0-0-0-0\" class=\"so-panel widget widget_sow-editor panel-first-child\" data-index=\"0\" ><div class=\"border-top anim panel-widget-style panel-widget-style-for-w5988561dc1fc0-0-0-0\" ><div\n\t\t\t\n\t\t\tclass=\"so-widget-sow-editor so-widget-sow-editor-base\"\n\t\t\t\n\t\t><h3 class=\"widget-title\">Witaj w \u015bwiecie Garo<\/h3>\n<div class=\"siteorigin-widget-tinymce textwidget\">\n\t<p>...firmy, kt\u00f3ra od wielu lat rozwija produkcj\u0119 i sprzeda\u017c materia\u0142\u00f3w oraz instalacji elektrycznych. Poznaj nas i nasz\u0105 siedzib\u0119 GARO AB w Gnosj\u00f6, kt\u00f3ra zatrudnia 180 os\u00f3b, czyli niemal \u00be z 250 zatrudnionych w ca\u0142ej grupie. Sprawd\u017a, jak dobrze funkcjonuj\u0105 nale\u017c\u0105ce do grupy plac\u00f3wki zlokalizowane na terenie Szwecji, Finlandii, Irlandii i Polski. Pomy\u015bl o wszystkich produktach z oferty Garo, kt\u00f3re wytwarzane s\u0105 przez poszczeg\u00f3lnych cz\u0142onk\u00f3w grupy:<\/p>\n<p><strong>Garo AB<\/strong> wytwarza kompletne rozwi\u0105zania dla instalacji elektrycznych, w tym skrzynki przy\u0142\u0105czeniowe, osprz\u0119t wtykowo-gniazdowy (adaptery, wtyczki i gniazda CEE), tablice mieszkaniowe, aparatur\u0119 modu\u0142ow\u0105 (liczniki i wy\u0142\u0105czniki) oraz inne zestawy zasilaj\u0105ce i panele s\u0142oneczne.<\/p>\n<p><strong>Garo Montage<\/strong> wytwarza elementy wyposa\u017cenia dodatkowego jak rozdzielnice budowlane, zestawy przy\u0142\u0105czeniowe i przed\u0142u\u017cacze.<\/p>\n<p><strong>Garo Elflex<\/strong> \u2013 jego produkcja skupia si\u0119 na wytwarzaniu rozwi\u0105za\u0144 mobilnych, m.in. tymczasowego o\u015bwietlenia w miejscach pracy, rozdzielnic budowlanych, zestaw\u00f3w przy\u0142\u0105czeniowych oraz przed\u0142u\u017caczy.\u00a0<\/p>\n<p><strong>Garo System<\/strong> \u2013 najm\u0142odszy oddzia\u0142 grupy GARO specjalizuj\u0105cy si\u0119 w wytwarzaniu system\u00f3w zasilania camping\u00f3w, marin oraz produkcji stacji \u0142adowania pojazd\u00f3w elektrycznych \u2013 od szybkich indywidualnych \u0142adowarek miejskich, przez \u0142adowarki dla komunikacji zbiorowej, po rozwi\u0105zania do u\u017cytku domowego.<\/p>\n<\/div>\n<\/div><\/div><\/div><div id=\"panel-w5988561dc1fc0-0-0-1\" class=\"so-panel widget widget_sow-image\" data-index=\"1\" ><div class=\"border-bottom anim panel-widget-style panel-widget-style-for-w5988561dc1fc0-0-0-1\" ><div\n\t\t\t\n\t\t\tclass=\"so-widget-sow-image so-widget-sow-image-default-dbf295114b96\"\n\t\t\t\n\t\t>\n\n<div class=\"sow-image-container\">\n\t\t<img src=\"http:\/\/garocharging.com\/pl\/wp-content\/uploads\/2017\/05\/charger.jpg\" width=\"632\" height=\"422\" srcset=\"http:\/\/garocharging.com\/pl\/wp-content\/uploads\/2017\/05\/charger.jpg 632w, http:\/\/garocharging.com\/pl\/wp-content\/uploads\/2017\/05\/charger-300x200.jpg 300w, http:\/\/garocharging.com\/pl\/wp-content\/uploads\/2017\/05\/charger-272x182.jpg 272w\" sizes=\"(max-width: 632px) 100vw, 632px\" alt=\"\" loading=\"lazy\" \t\tclass=\"so-widget-image\"\/>\n\t<\/div>\n\n<\/div><\/div><\/div><div id=\"panel-w5988561dc1fc0-0-0-2\" class=\"so-panel widget widget_sow-editor\" data-index=\"2\" ><div class=\"anim panel-widget-style panel-widget-style-for-w5988561dc1fc0-0-0-2\" ><div\n\t\t\t\n\t\t\tclass=\"so-widget-sow-editor so-widget-sow-editor-base\"\n\t\t\t\n\t\t><h3 class=\"widget-title\">Ekonomia i dobre osi\u0105gi <\/h3>\n<div class=\"siteorigin-widget-tinymce textwidget\">\n\t<p>Nie od dzi\u015b wiadomo, \u017ce pojazdy z nap\u0119dem elektrycznym s\u0105 ta\u0144sze w eksploatacji ni\u017c te, kt\u00f3rymi je\u017adzi si\u0119 na co dzie\u0144. Zainwestuj w ekonomiczne auto, kt\u00f3rego silnik nie pracuje podczas postoju w korkach, a w czasie hamowania odzyskuje energi\u0119 i przekazuje j\u0105 z powrotem do akumulatora. Efektywniejsza praca silnika i brak akcyzy na pr\u0105d gwarantuj\u0105, \u017ce cena przejazdu samochodem elektrycznym to czysta oszcz\u0119dno\u015b\u0107. \u00a0<\/p>\n<p>Auta w 100% elektryczne stanowi\u0105 zapowied\u017a rewolucji w u\u017cytkowaniu samochodu. Nigdy wi\u0119cej tankowania benzyny, nigdy wi\u0119cej wymiany oleju, nigdy wi\u0119cej dostrajania silnika. A je\u015bli ju\u017c o silniku mowa \u2013 brak silnika spalinowego oraz tradycyjnej skrzyni bieg\u00f3w to jednocze\u015bnie mniej cz\u0119\u015bci zamiennych i wyj\u0105tkowo niskie koszty przegl\u0105d\u00f3w. Je\u015bli doliczy\u0107 do tego oszcz\u0119dno\u015bci z ulg podatkowych i specjalne korzy\u015bci oferowane posiadaczom samochod\u00f3w elektrycznych, to logiczne staje si\u0119 by\u0107 ekologicznym<\/p>\n<\/div>\n<\/div><\/div><\/div><div id=\"panel-w5988561dc1fc0-0-0-3\" class=\"so-panel widget widget_sow-editor panel-last-child\" data-index=\"3\" ><div class=\"anim panel-widget-style panel-widget-style-for-w5988561dc1fc0-0-0-3\" ><div\n\t\t\t\n\t\t\tclass=\"so-widget-sow-editor so-widget-sow-editor-base\"\n\t\t\t\n\t\t><h3 class=\"widget-title\">\u0141adowanie samochodu elektrycznego - teraz prostsze ni\u017c my\u015blisz! <\/h3>\n<div class=\"siteorigin-widget-tinymce textwidget\">\n\t<p>Pojazdy elektryczne coraz cz\u0119\u015bciej pojawiaj\u0105 si\u0119 ju\u017c nie tylko na pokazach nowinek motoryzacyjnych, lecz r\u00f3wnie\u017c i na drogach. <strong>Auto z akumulatorem BEV<\/strong> <strong>zdolne przejecha\u0107 od 120 do 150 km na jednym \u0142adowaniu<\/strong> to doskona\u0142y wyb\u00f3r dla ka\u017cdego, kto chce \u017cy\u0107 ekologicznie i ekonomicznie. Ten typ sprawdza si\u0119 idealnie na kr\u00f3tszych dystansach i w ruchu miejskim.<\/p>\n<p>Inna opcja to <strong>hybryda typu plug-in, PHEV<\/strong>, kt\u00f3ra pracuje na benzynie lub oleju nap\u0119dowym, pokonuj\u0105c d\u0142u\u017csze dystanse. Tego rodzaju pojazdy wyposa\u017cone s\u0105 dodatkowo w silnik elektryczny i ma\u0142y akumulator o zasi\u0119gu 20-60 km. To czyni je odpowiednimi zar\u00f3wno do jazdy po mie\u015bcie, jak i na dalsze podr\u00f3\u017ce.<\/p>\n<p>Niezale\u017cnie od tego, jaki pojazd wybierzesz, mo\u017cesz mie\u0107 pewno\u015b\u0107, \u017ce da si\u0119 go \u0142adowa\u0107 w zwyk\u0142ej sieci elektrycznej \u2013 w domu, w drodze, w miejscu pracy \u2013 najcz\u0119\u015bciej w formie \u0142adowania jednofazowego. Dzi\u0119ki GHL i bezpiecznikowi 16A, elektryczny samoch\u00f3d hybrydowy zasilisz ju\u017c w ci\u0105gu oko\u0142o 3 godzin, a samoch\u00f3d elektryczny \u2013 w ci\u0105gu 6 godzin.<\/p>\n<p>Publiczne stacje \u0142adowania samochod\u00f3w elektrycznych pozwol\u0105 Ci na\u0142adowa\u0107 auto przy u\u017cyciu nowego standardu gniazd typu 2 (z wyj\u015bciami od 1-fazowego 16A po 3-fazowe 32 AC). Obok nich wiele miejsc oferuje te\u017c tzw. stacje szybkiego \u0142adowania o mocy do 150 kW. Wykorzystuj\u0105 one pr\u0105d sta\u0142y (DC) zgodnie z japo\u0144sk\u0105 norm\u0105 CHAdeMO lub europejsk\u0105 norm\u0105 CCS.<\/p>\n<\/div>\n<\/div><\/div><\/div><\/div><\/div><\/div><\/div><\/div><div id=\"pgc-228-0-1\"  class=\"panel-grid-cell\" ><div id=\"panel-228-0-1-0\" class=\"so-panel widget widget_siteorigin-panels-builder panel-first-child panel-last-child\" data-index=\"1\" ><div id=\"pl-w598adac7af1dc\"  class=\"panel-layout\" ><div id=\"pg-w598adac7af1dc-0\"  class=\"panel-grid panel-no-style\" ><div id=\"pgc-w598adac7af1dc-0-0\"  class=\"panel-grid-cell\" ><div id=\"panel-w598adac7af1dc-0-0-0\" class=\"so-panel widget widget_sow-image panel-first-child\" data-index=\"0\" ><div class=\"border-top anim panel-widget-style panel-widget-style-for-w598adac7af1dc-0-0-0\" ><div\n\t\t\t\n\t\t\tclass=\"so-widget-sow-image so-widget-sow-image-default-dbf295114b96\"\n\t\t\t\n\t\t>\n\n<div class=\"sow-image-container\">\n\t\t<img src=\"http:\/\/garocharging.com\/pl\/wp-content\/uploads\/2017\/05\/happy.jpg\" width=\"625\" height=\"379\" srcset=\"http:\/\/garocharging.com\/pl\/wp-content\/uploads\/2017\/05\/happy.jpg 625w, http:\/\/garocharging.com\/pl\/wp-content\/uploads\/2017\/05\/happy-300x182.jpg 300w\" sizes=\"(max-width: 625px) 100vw, 625px\" alt=\"\" loading=\"lazy\" \t\tclass=\"so-widget-image\"\/>\n\t<\/div>\n\n<\/div><\/div><\/div><div id=\"panel-w598adac7af1dc-0-0-1\" class=\"so-panel widget widget_sow-editor\" data-index=\"1\" ><div class=\"border-bottom anim panel-widget-style panel-widget-style-for-w598adac7af1dc-0-0-1\" id=\"doswiadczenie\" ><div\n\t\t\t\n\t\t\tclass=\"so-widget-sow-editor so-widget-sow-editor-base\"\n\t\t\t\n\t\t><h3 class=\"widget-title\">DO\u015aWIADCZENIE INNOWACJE I DESIGN<\/h3>\n<div class=\"siteorigin-widget-tinymce textwidget\">\n\t<p>Wszystko, co robimy, wynika z\u00a0my\u015blenia zdroworozs\u0105dkowego i\u00a0nieustannej potrzeby rozwoju. Rozwi\u0105zania, jakie proponujemy, s\u0105 tak\u00a0proste jak nasza historia, a\u00a0nasza historia to\u00a0przyk\u0142ad d\u0105\u017cenia do\u00a0doskona\u0142o\u015bci w\u00a0ka\u017cdym calu. Od\u00a0lat 40 ubieg\u0142ego wieku nabieramy cennego do\u015bwiadczenia, by\u00a0m\u00f3c je przekszta\u0142ca\u0107 i\u00a0wykorzystywa\u0107, pod\u0105\u017caj\u0105c z\u00a0duchem czasu. Od\u00a01996 roku jeste\u015bmy obecni te\u017c w\u00a0Polsce \u2013 kraju otwartym na\u00a0innowacje.<\/p>\n<p>Gdy w 1941 roku G\u00e5r\u00f6 Elektriska zosta\u0142a zarejestrowana jako sp\u00f3\u0142ka z ograniczon\u0105 odpowiedzialno\u015bci\u0105, jej w\u0142a\u015bciciele obiecali sobie stworzenie solidnej podstawy finansowej dla siebie i swoich pracownik\u00f3w. Cechy typowo skandynawskie, jak pracowito\u015b\u0107, oszcz\u0119dno\u015b\u0107 i zdrowy rozs\u0105dek pozwoli\u0142y im dopi\u0105\u0107 swego, a wszystko, co stworzyli, zosta\u0142o oparte na dw\u00f3ch zasadach: dba\u0142o\u015b\u0107 o zesp\u00f3\u0142 i nieustanny rozw\u00f3j oferty produktowej. Dla nas te dwa cele s\u0105 ze sob\u0105 nierozerwalnie zwi\u0105zane, poniewa\u017c ich osi\u0105gni\u0119cie stanowi prawdziw\u0105 gwarancj\u0119 post\u0119pu. Bez zadowolonych z pracy ludzi, kt\u00f3rzy d\u0105\u017c\u0105 do samodoskonalenia, nie by\u0142oby innowacyjnych rozwi\u0105za\u0144. Proste. \u00a0<\/p>\n<p>Wraz z rozwojem firmy za\u0142o\u017cyciele stawiali sobie nowe cele, stopniowo odchodz\u0105c od g\u0142\u00f3wnej specjalizacji. Wraz z nabywaniem nowych umiej\u0119tno\u015bci zupe\u0142nie nowe produkty ujrza\u0142y \u015bwiat\u0142o dzienne. Podczas gdy pocz\u0105tkowo skupiali\u015bmy si\u0119 na udoskonalaniu osprz\u0119tu i czynieniu go bardziej przyst\u0119pnym, teraz skupili\u015bmy swoj\u0105 uwag\u0119 na tworzeniu rozwi\u0105za\u0144 nowatorskich. W latach 50. i 60. wytwarzali\u015bmy tablice mieszkaniowe i puszki \u0142\u0105czeniowe, w latach 70. nasza oferta poszerzy\u0142a si\u0119 o wtyczki i gniazda, kt\u00f3re sta\u0142y si\u0119 towarem eksportowym. W latach 80. i 90. otworzyli\u015bmy swoje przedstawicielstwa w Irlandii, Anglii i Norwegii, rozbudowali\u015bmy siedzib\u0119 w Gnosj\u00f6 i Sztokholmie.<\/p>\n<p><strong>Szybki rozw\u00f3j pozwoli\u0142 z rozmachem wej\u015b\u0107 w nowe millenium<\/strong><\/p>\n<p>W 1994 roku G\u00e5r\u00f6 zmieni\u0142o nazw\u0119 na GARO, a ju\u017c dwa lata p\u00f3\u017aniej otworzyli\u015bmy swoj\u0105 siedzib\u0119 w Polsce. W latach 2004-2007 powsta\u0142y oddzia\u0142y Garo Montage, kt\u00f3ry szybko sta\u0142 si\u0119 najlepiej rokuj\u0105cym sektorem produktowym, oraz Garo Elflex, w wyniku przej\u0119cia firmy produkuj\u0105cej o\u015bwietlenie konstrukcyjne. Rok 2010 przyni\u00f3s\u0142 natomiast przej\u0119cie Nordic Electro, co umocni\u0142o nasz\u0105 pozycj\u0119 dostawcy infrastruktury do \u0142adowania samochod\u00f3w elektrycznych. Dzi\u0119ki tym wszystkim zmianom w 2016 roku zadebiutowali\u015bmy na gie\u0142dzie.<\/p>\n<p>Pomimo tak du\u017cej ekspansji pozostajemy wci\u0105\u017c skoncentrowani na pracy i ciekawi przysz\u0142o\u015bci jak nigdy dot\u0105d. To w\u0142a\u015bnie owa ciekawo\u015b\u0107 \u015bwiata sk\u0142ania nas do pod\u0105\u017cania naprz\u00f3d tak samo, jak nasi za\u0142o\u017cyciele 75 lat temu. Wci\u0105\u017c r\u00f3wnie\u017c trzymamy si\u0119 pierwotnych za\u0142o\u017ce\u0144, pr\u00f3buj\u0105c u\u0142atwia\u0107 \u017cycie na tyle, na ile jest to mo\u017cliwe.<\/p>\n<\/div>\n<\/div><\/div><\/div><div id=\"panel-w598adac7af1dc-0-0-2\" class=\"so-panel widget widget_sow-image\" data-index=\"2\" ><div class=\"anim panel-widget-style panel-widget-style-for-w598adac7af1dc-0-0-2\" ><div\n\t\t\t\n\t\t\tclass=\"so-widget-sow-image so-widget-sow-image-default-dbf295114b96\"\n\t\t\t\n\t\t>\n\n<div class=\"sow-image-container\">\n\t\t<img src=\"http:\/\/garocharging.com\/pl\/wp-content\/uploads\/2017\/05\/rysunel.jpg\" width=\"1022\" height=\"677\" srcset=\"http:\/\/garocharging.com\/pl\/wp-content\/uploads\/2017\/05\/rysunel.jpg 1022w, http:\/\/garocharging.com\/pl\/wp-content\/uploads\/2017\/05\/rysunel-300x199.jpg 300w, http:\/\/garocharging.com\/pl\/wp-content\/uploads\/2017\/05\/rysunel-768x509.jpg 768w, http:\/\/garocharging.com\/pl\/wp-content\/uploads\/2017\/05\/rysunel-845x560.jpg 845w\" sizes=\"(max-width: 1022px) 100vw, 1022px\" alt=\"\" loading=\"lazy\" \t\tclass=\"so-widget-image\"\/>\n\t<\/div>\n\n<\/div><\/div><\/div><div id=\"panel-w598adac7af1dc-0-0-3\" class=\"so-panel widget widget_sow-editor panel-last-child\" data-index=\"3\" ><div class=\"anim panel-widget-style panel-widget-style-for-w598adac7af1dc-0-0-3\" id=\"eko\" ><div\n\t\t\t\n\t\t\tclass=\"so-widget-sow-editor so-widget-sow-editor-base\"\n\t\t\t\n\t\t><h3 class=\"widget-title\">Ekologia i komfort jazdy<\/h3>\n<div class=\"siteorigin-widget-tinymce textwidget\">\n\t<p>W czasach, gdy coraz cz\u0119\u015bciej my\u015blimy o tym, jak zadba\u0107 o to, co pozostawimy w przysz\u0142o\u015bci naszym dzieciom, wnukom i prawnukom, nie dziwi zwrot ku rozwi\u0105zaniom przyjaznym \u015brodowisku. Segregacja odpad\u00f3w, domy pasywne, zielone dachy\u2026 to wszystko wpisuje si\u0119 w naturalny krajobraz nowoczesnych i proekologicznych miast 2.0. Wsp\u00f3\u0142czesnych metropolii nie spos\u00f3b wyobrazi\u0107 sobie bez aut hybrydowych i elektrycznych oraz opartej na energii z akumulator\u00f3w komunikacji publicznej. Zbli\u017cone do zera zu\u017cycie paliwa w ich przypadku to mniejsza emisja gaz\u00f3w cieplarnianych i szkodliwych spalin.<\/p>\n<p>Ty te\u017c przesi\u0105d\u017a si\u0119 na auto, kt\u00f3re nie przyczynia si\u0119 do powstawania smogu. Zasilaj samoch\u00f3d za pomoc\u0105 wtyczki, a nie wlewu paliwa. Wybieraj rozwi\u0105zania wygodne i bezpieczne, a dodatkowo wp\u0142ywaj\u0105ce na zmniejszenie poziomu ha\u0142asu w swoim otoczeniu. Cicha, niemal bezszelestna praca silnika samochod\u00f3w elektrycznych sprawia, \u017ce pojazd jest ledwie s\u0142yszalny zar\u00f3wno wewn\u0105trz, jak i na zewn\u0105trz kabiny. Poczuj spektakularny komfort jazdy niezm\u0105conej przez wibracje, wytwarzane przez silniki spalinowe.<\/p>\n<\/div>\n<\/div><\/div><\/div><\/div><\/div><\/div><\/div><\/div><\/div><\/div>","protected":false},"excerpt":{"rendered":"<p>Witaj w \u015bwiecie Garo &#8230;firmy, kt\u00f3ra od wielu lat rozwija produkcj\u0119 i sprzeda\u017c materia\u0142\u00f3w oraz instalacji elektrycznych. Poznaj nas i nasz\u0105 siedzib\u0119 GARO AB w Gnosj\u00f6, kt\u00f3ra zatrudnia 180 os\u00f3b, czyli niemal \u00be z 250 zatrudnionych w ca\u0142ej grupie. Sprawd\u017a, jak dobrze funkcjonuj\u0105 nale\u017c\u0105ce do grupy plac\u00f3wki zlokalizowane na terenie Szwecji, Finlandii, Irlandii i Polski. [&hellip;]<\/p>\n","protected":false},"author":5,"featured_media":229,"parent":0,"menu_order":4,"comment_status":"closed","ping_status":"closed","template":"","meta":[],"yoast_head":"<!-- This site is optimized with the Yoast SEO plugin v20.11 - https:\/\/yoast.com\/wordpress\/plugins\/seo\/ -->\n<title>World of solutions - GARO EV Chargers<\/title>\n<meta name=\"robots\" content=\"index, follow, max-snippet:-1, max-image-preview:large, max-video-preview:-1\" \/>\n<link rel=\"canonical\" href=\"http:\/\/garocharging.com\/pl\/world-of-solutions\/\" \/>\n<meta property=\"og:locale\" content=\"pl_PL\" \/>\n<meta property=\"og:type\" content=\"article\" \/>\n<meta property=\"og:title\" content=\"World of solutions - GARO EV Chargers\" \/>\n<meta property=\"og:description\" content=\"Witaj w \u015bwiecie Garo ...firmy, kt\u00f3ra od wielu lat rozwija produkcj\u0119 i sprzeda\u017c materia\u0142\u00f3w oraz instalacji elektrycznych. Poznaj nas i nasz\u0105 siedzib\u0119 GARO AB w Gnosj\u00f6, kt\u00f3ra zatrudnia 180 os\u00f3b, czyli niemal \u00be z 250 zatrudnionych w ca\u0142ej grupie. Sprawd\u017a, jak dobrze funkcjonuj\u0105 nale\u017c\u0105ce do grupy plac\u00f3wki zlokalizowane na terenie Szwecji, Finlandii, Irlandii i Polski. [&hellip;]\" \/>\n<meta property=\"og:url\" content=\"http:\/\/garocharging.com\/pl\/world-of-solutions\/\" \/>\n<meta property=\"og:site_name\" content=\"GARO EV Chargers\" \/>\n<meta property=\"article:modified_time\" content=\"2017-08-09T09:51:22+00:00\" \/>\n<meta property=\"og:image\" content=\"http:\/\/garocharging.com\/pl\/wp-content\/uploads\/2017\/05\/world-of-solutions.jpg\" \/>\n\t<meta property=\"og:image:width\" content=\"1920\" \/>\n\t<meta property=\"og:image:height\" content=\"890\" \/>\n\t<meta property=\"og:image:type\" content=\"image\/jpeg\" \/>\n<meta name=\"twitter:card\" content=\"summary_large_image\" \/>\n<meta name=\"twitter:label1\" content=\"Szacowany czas czytania\" \/>\n\t<meta name=\"twitter:data1\" content=\"6 minut\" \/>\n<script type=\"application\/ld+json\" class=\"yoast-schema-graph\">{\"@context\":\"https:\/\/schema.org\",\"@graph\":[{\"@type\":\"WebPage\",\"@id\":\"http:\/\/garocharging.com\/pl\/world-of-solutions\/\",\"url\":\"http:\/\/garocharging.com\/pl\/world-of-solutions\/\",\"name\":\"World of solutions - GARO EV Chargers\",\"isPartOf\":{\"@id\":\"http:\/\/garocharging.com\/pl\/#website\"},\"datePublished\":\"2017-05-31T07:31:49+00:00\",\"dateModified\":\"2017-08-09T09:51:22+00:00\",\"breadcrumb\":{\"@id\":\"http:\/\/garocharging.com\/pl\/world-of-solutions\/#breadcrumb\"},\"inLanguage\":\"pl-PL\",\"potentialAction\":[{\"@type\":\"ReadAction\",\"target\":[\"http:\/\/garocharging.com\/pl\/world-of-solutions\/\"]}]},{\"@type\":\"BreadcrumbList\",\"@id\":\"http:\/\/garocharging.com\/pl\/world-of-solutions\/#breadcrumb\",\"itemListElement\":[{\"@type\":\"ListItem\",\"position\":1,\"name\":\"Strona g\u0142\u00f3wna\",\"item\":\"http:\/\/garocharging.com\/pl\/\"},{\"@type\":\"ListItem\",\"position\":2,\"name\":\"World of solutions\"}]},{\"@type\":\"WebSite\",\"@id\":\"http:\/\/garocharging.com\/pl\/#website\",\"url\":\"http:\/\/garocharging.com\/pl\/\",\"name\":\"GARO EV Chargers\",\"description\":\"Stacje do \u0142adowania samochod\u00f3w elektyrcznych\",\"potentialAction\":[{\"@type\":\"SearchAction\",\"target\":{\"@type\":\"EntryPoint\",\"urlTemplate\":\"http:\/\/garocharging.com\/pl\/?s={search_term_string}\"},\"query-input\":\"required name=search_term_string\"}],\"inLanguage\":\"pl-PL\"}]}<\/script>\n<!-- \/ Yoast SEO plugin. -->","yoast_head_json":{"title":"World of solutions - GARO EV Chargers","robots":{"index":"index","follow":"follow","max-snippet":"max-snippet:-1","max-image-preview":"max-image-preview:large","max-video-preview":"max-video-preview:-1"},"canonical":"http:\/\/garocharging.com\/pl\/world-of-solutions\/","og_locale":"pl_PL","og_type":"article","og_title":"World of solutions - GARO EV Chargers","og_description":"Witaj w \u015bwiecie Garo ...firmy, kt\u00f3ra od wielu lat rozwija produkcj\u0119 i sprzeda\u017c materia\u0142\u00f3w oraz instalacji elektrycznych. Poznaj nas i nasz\u0105 siedzib\u0119 GARO AB w Gnosj\u00f6, kt\u00f3ra zatrudnia 180 os\u00f3b, czyli niemal \u00be z 250 zatrudnionych w ca\u0142ej grupie. Sprawd\u017a, jak dobrze funkcjonuj\u0105 nale\u017c\u0105ce do grupy plac\u00f3wki zlokalizowane na terenie Szwecji, Finlandii, Irlandii i Polski. [&hellip;]","og_url":"http:\/\/garocharging.com\/pl\/world-of-solutions\/","og_site_name":"GARO EV Chargers","article_modified_time":"2017-08-09T09:51:22+00:00","og_image":[{"width":1920,"height":890,"url":"http:\/\/garocharging.com\/pl\/wp-content\/uploads\/2017\/05\/world-of-solutions.jpg","type":"image\/jpeg"}],"twitter_card":"summary_large_image","twitter_misc":{"Szacowany czas czytania":"6 minut"},"schema":{"@context":"https:\/\/schema.org","@graph":[{"@type":"WebPage","@id":"http:\/\/garocharging.com\/pl\/world-of-solutions\/","url":"http:\/\/garocharging.com\/pl\/world-of-solutions\/","name":"World of solutions - GARO EV Chargers","isPartOf":{"@id":"http:\/\/garocharging.com\/pl\/#website"},"datePublished":"2017-05-31T07:31:49+00:00","dateModified":"2017-08-09T09:51:22+00:00","breadcrumb":{"@id":"http:\/\/garocharging.com\/pl\/world-of-solutions\/#breadcrumb"},"inLanguage":"pl-PL","potentialAction":[{"@type":"ReadAction","target":["http:\/\/garocharging.com\/pl\/world-of-solutions\/"]}]},{"@type":"BreadcrumbList","@id":"http:\/\/garocharging.com\/pl\/world-of-solutions\/#breadcrumb","itemListElement":[{"@type":"ListItem","position":1,"name":"Strona g\u0142\u00f3wna","item":"http:\/\/garocharging.com\/pl\/"},{"@type":"ListItem","position":2,"name":"World of solutions"}]},{"@type":"WebSite","@id":"http:\/\/garocharging.com\/pl\/#website","url":"http:\/\/garocharging.com\/pl\/","name":"GARO EV Chargers","description":"Stacje do \u0142adowania samochod\u00f3w elektyrcznych","potentialAction":[{"@type":"SearchAction","target":{"@type":"EntryPoint","urlTemplate":"http:\/\/garocharging.com\/pl\/?s={search_term_string}"},"query-input":"required name=search_term_string"}],"inLanguage":"pl-PL"}]}},"_links":{"self":[{"href":"http:\/\/garocharging.com\/pl\/wp-json\/wp\/v2\/pages\/228"}],"collection":[{"href":"http:\/\/garocharging.com\/pl\/wp-json\/wp\/v2\/pages"}],"about":[{"href":"http:\/\/garocharging.com\/pl\/wp-json\/wp\/v2\/types\/page"}],"author":[{"embeddable":true,"href":"http:\/\/garocharging.com\/pl\/wp-json\/wp\/v2\/users\/5"}],"replies":[{"embeddable":true,"href":"http:\/\/garocharging.com\/pl\/wp-json\/wp\/v2\/comments?post=228"}],"version-history":[{"count":27,"href":"http:\/\/garocharging.com\/pl\/wp-json\/wp\/v2\/pages\/228\/revisions"}],"predecessor-version":[{"id":618,"href":"http:\/\/garocharging.com\/pl\/wp-json\/wp\/v2\/pages\/228\/revisions\/618"}],"wp:featuredmedia":[{"embeddable":true,"href":"http:\/\/garocharging.com\/pl\/wp-json\/wp\/v2\/media\/229"}],"wp:attachment":[{"href":"http:\/\/garocharging.com\/pl\/wp-json\/wp\/v2\/media?parent=228"}],"curies":[{"name":"wp","href":"https:\/\/api.w.org\/{rel}","templated":true}]}}