{"id":204,"date":"2017-05-10T08:15:46","date_gmt":"2017-05-10T08:15:46","guid":{"rendered":"http:\/\/garocharging.com\/pl\/?page_id=204"},"modified":"2023-07-14T11:31:21","modified_gmt":"2023-07-14T11:31:21","slug":"contact","status":"publish","type":"page","link":"http:\/\/garocharging.com\/pl\/contact\/","title":{"rendered":"Kontakt"},"content":{"rendered":"<div id=\"pl-204\"  class=\"panel-layout\" ><div id=\"pg-204-0\"  class=\"panel-grid panel-no-style\" ><div id=\"pgc-204-0-0\"  class=\"panel-grid-cell\" ><div id=\"panel-204-0-0-0\" class=\"so-panel widget widget_sow-editor panel-first-child panel-last-child\" data-index=\"0\" ><div\n\t\t\t\n\t\t\tclass=\"so-widget-sow-editor so-widget-sow-editor-base\"\n\t\t\t\n\t\t><h3 class=\"widget-title\">Adres<\/h3>\n<div class=\"siteorigin-widget-tinymce textwidget\">\n\t<p><span style=\"font-size: 12.0pt; font-family: 'Titillium Web'; color: #575656;\">Garo Polska Sp\u00f3\u0142ka z o.o.<br \/>\n<\/span><span style=\"font-size: 12.0pt; font-family: 'Titillium Web'; color: #575656;\">ul. Kadmowa 4, 70-856 Szczecin<br \/>\ntel. +48 91 88 11 770<br \/>\nfax +48 91 424 33 33<\/span><\/p>\n<p><a href=\"https:\/\/www.google.pl\/maps\/dir\/\/Garo+Polska+Sp.+z+o.o.,+Szymborskiej,+70-784+Szczecin\/@53.3780445,14.6062159,12z\/data=!3m1!4b1!4m8!4m7!1m0!1m5!1m1!1s0x4700a7b52c709781:0xd6627f1df8ab8a6c!2m2!1d14.676255!2d53.378065\" target=\"_blank\" rel=\"noopener\">Sprawd\u017a tras\u0119<\/a><\/p>\n<\/div>\n<\/div><\/div><\/div><div id=\"pgc-204-0-1\"  class=\"panel-grid-cell\" ><div id=\"panel-204-0-1-0\" class=\"so-panel widget widget_sow-editor panel-first-child panel-last-child\" data-index=\"1\" ><div\n\t\t\t\n\t\t\tclass=\"so-widget-sow-editor so-widget-sow-editor-base\"\n\t\t\t\n\t\t><h3 class=\"widget-title\">dane firmy<\/h3>\n<div class=\"siteorigin-widget-tinymce textwidget\">\n\t<p>NIP: PL 851 313 32 36<br \/>KRS Szczecin: 0000368225<br \/>Kapita\u0142 2.000.000 PLN<\/p>\n<\/div>\n<\/div><\/div><\/div><div id=\"pgc-204-0-2\"  class=\"panel-grid-cell\" ><div id=\"panel-204-0-2-0\" class=\"so-panel widget widget_sow-editor panel-first-child panel-last-child\" data-index=\"2\" ><div\n\t\t\t\n\t\t\tclass=\"so-widget-sow-editor so-widget-sow-editor-base\"\n\t\t\t\n\t\t><h3 class=\"widget-title\">Dzia\u0142 handlowy<\/h3>\n<div class=\"siteorigin-widget-tinymce textwidget\">\n\t<p>Krzysztof Zamo\u017cny<br \/>tel. +48 532 124 958<br \/>krzysztof.zamozny@garo.com.pl<\/p>\n<\/div>\n<\/div><\/div><\/div><\/div><div id=\"pg-204-1\"  class=\"panel-grid panel-no-style\" ><div id=\"pgc-204-1-0\"  class=\"panel-grid-cell\" ><div id=\"panel-204-1-0-0\" class=\"so-panel widget widget_sow-editor panel-first-child panel-last-child\" data-index=\"3\" ><div\n\t\t\t\n\t\t\tclass=\"so-widget-sow-editor so-widget-sow-editor-base\"\n\t\t\t\n\t\t>\n<div class=\"siteorigin-widget-tinymce textwidget\">\n\t\n<div class=\"wpcf7 no-js\" id=\"wpcf7-f224-o1\" lang=\"pl-PL\" dir=\"ltr\">\n<div class=\"screen-reader-response\"><p role=\"status\" aria-live=\"polite\" aria-atomic=\"true\"><\/p> <ul><\/ul><\/div>\n<form action=\"\/pl\/wp-json\/wp\/v2\/pages\/204#wpcf7-f224-o1\" method=\"post\" class=\"wpcf7-form init\" aria-label=\"Formularz kontaktowy\" novalidate=\"novalidate\" data-status=\"init\">\n<div style=\"display: none;\">\n<input type=\"hidden\" name=\"_wpcf7\" value=\"224\" \/>\n<input type=\"hidden\" name=\"_wpcf7_version\" value=\"5.7.7\" \/>\n<input type=\"hidden\" name=\"_wpcf7_locale\" value=\"pl_PL\" \/>\n<input type=\"hidden\" name=\"_wpcf7_unit_tag\" value=\"wpcf7-f224-o1\" \/>\n<input type=\"hidden\" name=\"_wpcf7_container_post\" value=\"0\" \/>\n<input type=\"hidden\" name=\"_wpcf7_posted_data_hash\" value=\"\" \/>\n<\/div>\n<div class=\"form-flex\">\n\t<div class=\"form-fields\">\n\t\t<p><label><span class=\"wpcf7-form-control-wrap\" data-name=\"your-name\"><input size=\"40\" class=\"wpcf7-form-control wpcf7-text wpcf7-validates-as-required\" aria-required=\"true\" aria-invalid=\"false\" placeholder=\"Imi\u0119 i nazwisko\" value=\"\" type=\"text\" name=\"your-name\" \/><\/span><\/label><br \/>\n<label><span class=\"wpcf7-form-control-wrap\" data-name=\"company\"><input size=\"40\" class=\"wpcf7-form-control wpcf7-text\" aria-invalid=\"false\" placeholder=\"Firma\" value=\"\" type=\"text\" name=\"company\" \/><\/span><\/label><br \/>\n<label><span class=\"wpcf7-form-control-wrap\" data-name=\"your-email\"><input size=\"40\" class=\"wpcf7-form-control wpcf7-text wpcf7-email wpcf7-validates-as-required wpcf7-validates-as-email\" aria-required=\"true\" aria-invalid=\"false\" placeholder=\"Email\" value=\"\" type=\"email\" name=\"your-email\" \/><\/span> <\/label><br \/>\n<label><span class=\"wpcf7-form-control-wrap\" data-name=\"your-subject\"><input size=\"40\" class=\"wpcf7-form-control wpcf7-text\" aria-invalid=\"false\" placeholder=\"Temat\" value=\"\" type=\"text\" name=\"your-subject\" \/><\/span> <\/label>\n\t\t<\/p>\n\t<\/div>\n\t<div class=\"form-textarea\">\n\t\t<p><label><span class=\"wpcf7-form-control-wrap\" data-name=\"your-message\"><textarea cols=\"40\" rows=\"4\" class=\"wpcf7-form-control wpcf7-textarea\" aria-invalid=\"false\" placeholder=\"Twoja wiadomo\u015b\u0107\" name=\"your-message\"><\/textarea><\/span> <\/label>\n\t\t<\/p>\n\t<\/div>\n\t<div class=\"form-send\">\n\t\t<p>[recaptcha size:compact]<br \/>\n<input class=\"wpcf7-form-control has-spinner wpcf7-submit\" type=\"submit\" value=\"WY\u015aLIJ\" \/>\n\t\t<\/p>\n\t<\/div>\n<\/div><div class=\"wpcf7-response-output\" aria-hidden=\"true\"><\/div>\n<\/form>\n<\/div>\n\n<\/div>\n<\/div><\/div><\/div><\/div><\/div>","protected":false},"excerpt":{"rendered":"<p>Garo Polska Sp\u00f3\u0142ka z o.o. ul. Kadmowa 4, 70-856 Szczecin tel. +48 91 88 11 770 fax +48 91 424 33 33 Sprawd\u017a tras\u0119 NIP: PL 851 313 32 36KRS Szczecin: 0000368225Kapita\u0142 2.000.000 PLN Krzysztof Zamo\u017cnytel. +48 532 124 958krzysztof.zamozny@garo.com.pl<\/p>\n","protected":false},"author":5,"featured_media":0,"parent":0,"menu_order":5,"comment_status":"closed","ping_status":"closed","template":"custom-contact.php","meta":[],"yoast_head":"<!-- This site is optimized with the Yoast SEO plugin v20.11 - https:\/\/yoast.com\/wordpress\/plugins\/seo\/ -->\n<title>Kontakt - GARO EV Chargers<\/title>\n<meta name=\"robots\" content=\"index, follow, max-snippet:-1, max-image-preview:large, max-video-preview:-1\" \/>\n<link rel=\"canonical\" href=\"http:\/\/garocharging.com\/pl\/contact\/\" \/>\n<meta property=\"og:locale\" content=\"pl_PL\" \/>\n<meta property=\"og:type\" content=\"article\" \/>\n<meta property=\"og:title\" content=\"Kontakt - GARO EV Chargers\" \/>\n<meta property=\"og:description\" content=\"Garo Polska Sp\u00f3\u0142ka z o.o. ul. Kadmowa 4, 70-856 Szczecin tel. +48 91 88 11 770 fax +48 91 424 33 33 Sprawd\u017a tras\u0119 NIP: PL 851 313 32 36KRS Szczecin: 0000368225Kapita\u0142 2.000.000 PLN Krzysztof Zamo\u017cnytel. +48 532 124 958krzysztof.zamozny@garo.com.pl\" \/>\n<meta property=\"og:url\" content=\"http:\/\/garocharging.com\/pl\/contact\/\" \/>\n<meta property=\"og:site_name\" content=\"GARO EV Chargers\" \/>\n<meta property=\"article:modified_time\" content=\"2023-07-14T11:31:21+00:00\" \/>\n<meta name=\"twitter:card\" content=\"summary_large_image\" \/>\n<meta name=\"twitter:label1\" content=\"Szacowany czas czytania\" \/>\n\t<meta name=\"twitter:data1\" content=\"1 minuta\" \/>\n<script type=\"application\/ld+json\" class=\"yoast-schema-graph\">{\"@context\":\"https:\/\/schema.org\",\"@graph\":[{\"@type\":\"WebPage\",\"@id\":\"http:\/\/garocharging.com\/pl\/contact\/\",\"url\":\"http:\/\/garocharging.com\/pl\/contact\/\",\"name\":\"Kontakt - GARO EV Chargers\",\"isPartOf\":{\"@id\":\"http:\/\/garocharging.com\/pl\/#website\"},\"datePublished\":\"2017-05-10T08:15:46+00:00\",\"dateModified\":\"2023-07-14T11:31:21+00:00\",\"breadcrumb\":{\"@id\":\"http:\/\/garocharging.com\/pl\/contact\/#breadcrumb\"},\"inLanguage\":\"pl-PL\",\"potentialAction\":[{\"@type\":\"ReadAction\",\"target\":[\"http:\/\/garocharging.com\/pl\/contact\/\"]}]},{\"@type\":\"BreadcrumbList\",\"@id\":\"http:\/\/garocharging.com\/pl\/contact\/#breadcrumb\",\"itemListElement\":[{\"@type\":\"ListItem\",\"position\":1,\"name\":\"Strona g\u0142\u00f3wna\",\"item\":\"http:\/\/garocharging.com\/pl\/\"},{\"@type\":\"ListItem\",\"position\":2,\"name\":\"Kontakt\"}]},{\"@type\":\"WebSite\",\"@id\":\"http:\/\/garocharging.com\/pl\/#website\",\"url\":\"http:\/\/garocharging.com\/pl\/\",\"name\":\"GARO EV Chargers\",\"description\":\"Stacje do \u0142adowania samochod\u00f3w elektyrcznych\",\"potentialAction\":[{\"@type\":\"SearchAction\",\"target\":{\"@type\":\"EntryPoint\",\"urlTemplate\":\"http:\/\/garocharging.com\/pl\/?s={search_term_string}\"},\"query-input\":\"required name=search_term_string\"}],\"inLanguage\":\"pl-PL\"}]}<\/script>\n<!-- \/ Yoast SEO plugin. -->","yoast_head_json":{"title":"Kontakt - GARO EV Chargers","robots":{"index":"index","follow":"follow","max-snippet":"max-snippet:-1","max-image-preview":"max-image-preview:large","max-video-preview":"max-video-preview:-1"},"canonical":"http:\/\/garocharging.com\/pl\/contact\/","og_locale":"pl_PL","og_type":"article","og_title":"Kontakt - GARO EV Chargers","og_description":"Garo Polska Sp\u00f3\u0142ka z o.o. ul. Kadmowa 4, 70-856 Szczecin tel. +48 91 88 11 770 fax +48 91 424 33 33 Sprawd\u017a tras\u0119 NIP: PL 851 313 32 36KRS Szczecin: 0000368225Kapita\u0142 2.000.000 PLN Krzysztof Zamo\u017cnytel. +48 532 124 958krzysztof.zamozny@garo.com.pl","og_url":"http:\/\/garocharging.com\/pl\/contact\/","og_site_name":"GARO EV Chargers","article_modified_time":"2023-07-14T11:31:21+00:00","twitter_card":"summary_large_image","twitter_misc":{"Szacowany czas czytania":"1 minuta"},"schema":{"@context":"https:\/\/schema.org","@graph":[{"@type":"WebPage","@id":"http:\/\/garocharging.com\/pl\/contact\/","url":"http:\/\/garocharging.com\/pl\/contact\/","name":"Kontakt - GARO EV Chargers","isPartOf":{"@id":"http:\/\/garocharging.com\/pl\/#website"},"datePublished":"2017-05-10T08:15:46+00:00","dateModified":"2023-07-14T11:31:21+00:00","breadcrumb":{"@id":"http:\/\/garocharging.com\/pl\/contact\/#breadcrumb"},"inLanguage":"pl-PL","potentialAction":[{"@type":"ReadAction","target":["http:\/\/garocharging.com\/pl\/contact\/"]}]},{"@type":"BreadcrumbList","@id":"http:\/\/garocharging.com\/pl\/contact\/#breadcrumb","itemListElement":[{"@type":"ListItem","position":1,"name":"Strona g\u0142\u00f3wna","item":"http:\/\/garocharging.com\/pl\/"},{"@type":"ListItem","position":2,"name":"Kontakt"}]},{"@type":"WebSite","@id":"http:\/\/garocharging.com\/pl\/#website","url":"http:\/\/garocharging.com\/pl\/","name":"GARO EV Chargers","description":"Stacje do \u0142adowania samochod\u00f3w elektyrcznych","potentialAction":[{"@type":"SearchAction","target":{"@type":"EntryPoint","urlTemplate":"http:\/\/garocharging.com\/pl\/?s={search_term_string}"},"query-input":"required name=search_term_string"}],"inLanguage":"pl-PL"}]}},"_links":{"self":[{"href":"http:\/\/garocharging.com\/pl\/wp-json\/wp\/v2\/pages\/204"}],"collection":[{"href":"http:\/\/garocharging.com\/pl\/wp-json\/wp\/v2\/pages"}],"about":[{"href":"http:\/\/garocharging.com\/pl\/wp-json\/wp\/v2\/types\/page"}],"author":[{"embeddable":true,"href":"http:\/\/garocharging.com\/pl\/wp-json\/wp\/v2\/users\/5"}],"replies":[{"embeddable":true,"href":"http:\/\/garocharging.com\/pl\/wp-json\/wp\/v2\/comments?post=204"}],"version-history":[{"count":37,"href":"http:\/\/garocharging.com\/pl\/wp-json\/wp\/v2\/pages\/204\/revisions"}],"predecessor-version":[{"id":798,"href":"http:\/\/garocharging.com\/pl\/wp-json\/wp\/v2\/pages\/204\/revisions\/798"}],"wp:attachment":[{"href":"http:\/\/garocharging.com\/pl\/wp-json\/wp\/v2\/media?parent=204"}],"curies":[{"name":"wp","href":"https:\/\/api.w.org\/{rel}","templated":true}]}}