{"id":121,"date":"2017-03-29T13:32:53","date_gmt":"2017-03-29T13:32:53","guid":{"rendered":"http:\/\/garocharging.com\/pl\/?page_id=121"},"modified":"2017-08-31T13:31:25","modified_gmt":"2017-08-31T13:31:25","slug":"dc-charging","status":"publish","type":"page","link":"http:\/\/garocharging.com\/pl\/dc-charging\/","title":{"rendered":"DC Charging"},"content":{"rendered":"<div id=\"pl-121\"  class=\"panel-layout\" ><div id=\"pg-121-0\"  class=\"panel-grid panel-has-style\" ><div class=\"ramka panel-row-style panel-row-style-for-121-0\" ><div id=\"pgc-121-0-0\"  class=\"panel-grid-cell\" ><div id=\"panel-121-0-0-0\" class=\"so-panel widget widget_sow-editor panel-first-child panel-last-child\" data-index=\"0\" ><div class=\"strzalka panel-widget-style panel-widget-style-for-121-0-0-0\" ><div\n\t\t\t\n\t\t\tclass=\"so-widget-sow-editor so-widget-sow-editor-base\"\n\t\t\t\n\t\t>\n<div class=\"siteorigin-widget-tinymce textwidget\">\n\t<h1>Wysoka wydajno\u015b\u0107 i moc<\/h1>\n<p>Stacje DC Charger \u0142\u0105cz\u0105 w sobie unikalny design, doskona\u0142\u0105 specyfikacj\u0119 i optymalny wsp\u00f3\u0142czynnik mocy i s\u0105 niezast\u0105pionym \u017ar\u00f3d\u0142em energii dla pojazd\u00f3w niezale\u017cnie od standardu: CHAdeMO, CCS czy AC Typ-2. Cechuje je niebywa\u0142a \u0142atwo\u015b\u0107 obs\u0142ugi; bezpiecze\u0144stwo u\u017cytkowania dzi\u0119ki us\u0142udze uwierzytelnienia oraz wszechstronno\u015b\u0107 wynikaj\u0105ca z mo\u017cliwo\u015bci zainstalowania opcjonalnych wtyczek: Basic Single DC, Dual DC, a nawet Triple DC+AC.  <\/p>\n<p>\u0141adowarki DC w odr\u00f3\u017cnieniu od \u0142adowarek AC dostarczaj\u0105 pr\u0105d bezpo\u015brednio do akumulator\u00f3w samochodowych co powoduje wy\u017csze obci\u0105\u017cenie wyj\u015bciowe i skraca czas \u0142adowania - \u0142adowanie normalnej baterii BEV (oko\u0142o 30 kWh) przy mocy 50 kW wynosi oko\u0142o 30 minut. W naszej ofercie znajduj\u0105 si\u0119 \u0142adowarki DC o mocy wyj\u015bciowej od 50 do 150 kW. <\/p>\n<p><a href=\"#chargers\" rel=\"m_PageScroll2id\">DC Charger<\/a><\/p>\n<\/div>\n<\/div><\/div><\/div><\/div><div id=\"pgc-121-0-1\"  class=\"panel-grid-cell\" ><div id=\"panel-121-0-1-0\" class=\"so-panel widget widget_sow-image panel-first-child panel-last-child\" data-index=\"1\" ><div class=\"panel-widget-style panel-widget-style-for-121-0-1-0\" ><div\n\t\t\t\n\t\t\tclass=\"so-widget-sow-image so-widget-sow-image-default-8b5b6f678277-121\"\n\t\t\t\n\t\t>\n\n<div class=\"sow-image-container\">\n\t\t<img src=\"http:\/\/garocharging.com\/pl\/wp-content\/uploads\/2017\/03\/dc.jpg\" width=\"526\" height=\"490\" srcset=\"http:\/\/garocharging.com\/pl\/wp-content\/uploads\/2017\/03\/dc.jpg 526w, http:\/\/garocharging.com\/pl\/wp-content\/uploads\/2017\/03\/dc-300x279.jpg 300w\" sizes=\"(max-width: 526px) 100vw, 526px\" alt=\"\" loading=\"lazy\" \t\tclass=\"so-widget-image\"\/>\n\t<\/div>\n\n<\/div><\/div><\/div><\/div><\/div><\/div><div id=\"pg-121-1\"  class=\"panel-grid panel-has-style\" ><div class=\"panel-row-style panel-row-style-for-121-1\" ><div id=\"pgc-121-1-0\"  class=\"panel-grid-cell\" ><div id=\"panel-121-1-0-0\" class=\"so-panel widget widget_sow-editor panel-first-child panel-last-child\" data-index=\"2\" ><div class=\"panel-widget-style panel-widget-style-for-121-1-0-0\" ><div\n\t\t\t\n\t\t\tclass=\"so-widget-sow-editor so-widget-sow-editor-base\"\n\t\t\t\n\t\t>\n<div class=\"siteorigin-widget-tinymce textwidget\">\n\t<div class=\"box-img\"><img decoding=\"async\" loading=\"lazy\" class=\"alignnone wp-image-125 size-full\" src=\"http:\/\/garocharging.com\/pl\/wp-content\/uploads\/2017\/03\/quick.png\" alt=\"\" width=\"95\" height=\"95\" \/><\/div>\n<div class=\"box-text\">\n<h2>Czas ma znaczenie<\/h2>\n<p>Nasze \u0142adowarki przeznaczone do u\u017cytku publicznego zaprojektowane zosta\u0142y z my\u015bl\u0105 o maksymalnej wydajno\u015bci przy minimalnym czasie pracy.<\/p>\n<\/div>\n<\/div>\n<\/div><\/div><\/div><\/div><div id=\"pgc-121-1-1\"  class=\"panel-grid-cell\" ><div id=\"panel-121-1-1-0\" class=\"so-panel widget widget_sow-editor panel-first-child panel-last-child\" data-index=\"3\" ><div class=\"panel-widget-style panel-widget-style-for-121-1-1-0\" ><div\n\t\t\t\n\t\t\tclass=\"so-widget-sow-editor so-widget-sow-editor-base\"\n\t\t\t\n\t\t>\n<div class=\"siteorigin-widget-tinymce textwidget\">\n\t<div class=\"box-img\"><img decoding=\"async\" loading=\"lazy\" class=\"alignnone wp-image-119 size-full\" src=\"http:\/\/garocharging.com\/pl\/wp-content\/uploads\/2017\/03\/multi.png\" alt=\"\" width=\"95\" height=\"95\" \/><\/div>\n<div class=\"box-text\">\n<h2>Multi-standard<\/h2>\n<p>Wyposa\u017cone s\u0105 w kable po\u0142\u0105czeniowe CCS (standard europejski) oraz CHAdeMO (japo\u0144ski). Opcjonalnie \u0142adowark\u0119 mo\u017cna wyposa\u017cy\u0107 w z\u0142\u0105cze pr\u0105du zmiennego lub gniazdo elektryczne o \u0142adowno\u015bci 22 kW lub 43 kW.<\/p>\n<\/div>\n<\/div>\n<\/div><\/div><\/div><\/div><div id=\"pgc-121-1-2\"  class=\"panel-grid-cell\" ><div id=\"panel-121-1-2-0\" class=\"so-panel widget widget_sow-editor panel-first-child panel-last-child\" data-index=\"4\" ><div class=\"panel-widget-style panel-widget-style-for-121-1-2-0\" ><div\n\t\t\t\n\t\t\tclass=\"so-widget-sow-editor so-widget-sow-editor-base\"\n\t\t\t\n\t\t>\n<div class=\"siteorigin-widget-tinymce textwidget\">\n\t<div class=\"box-img\"><img decoding=\"async\" loading=\"lazy\" class=\"alignnone wp-image-69 size-full\" src=\"http:\/\/garocharging.com\/pl\/wp-content\/uploads\/2017\/03\/connect.png\" alt=\"\" width=\"95\" height=\"95\" \/><\/div>\n<div class=\"box-text\">\n<h2>MONITOROWANIE PRACY<\/h2>\n<p>Kierowcy aut elektrycznych potrzebuj\u0105 niezawodno\u015bci. Dlatego, w zwi\u0105zku z rozwojem infrastruktury EV, kt\u00f3rej podstawowym elementem s\u0105 stacje do \u0142adowania, musz\u0105 by\u0107 one pod\u0142\u0105czone do systemu stale monituj\u0105cego ich prac\u0119 i umo\u017cliwiaj\u0105cego ewentualn\u0105 szybk\u0105 interwencj\u0119. <\/p>\n<\/div>\n<\/div>\n<\/div><\/div><\/div><\/div><\/div><\/div><div id=\"pg-121-2\"  class=\"panel-grid panel-has-style\" ><div class=\"harmonic anim panel-row-style panel-row-style-for-121-2\" id=\"qc45\" ><div id=\"pgc-121-2-0\"  class=\"panel-grid-cell\" ><div id=\"panel-121-2-0-0\" class=\"so-panel widget widget_sow-editor panel-first-child panel-last-child\" data-index=\"5\" ><div class=\"naglowek-pod panel-widget-style panel-widget-style-for-121-2-0-0\" ><div\n\t\t\t\n\t\t\tclass=\"so-widget-sow-editor so-widget-sow-editor-base\"\n\t\t\t\n\t\t>\n<div class=\"siteorigin-widget-tinymce textwidget\">\n\t<h2>Stacja szybkiego \u0142adowania QC45<\/h2>\n<p>QC45 \u0142\u0105czy w sobie unikalny design i doskona\u0142\u0105 specyfikacj\u0119 \u2013 wysok\u0105 wydajno\u015b\u0107, optymalny wsp\u00f3\u0142czynnik mocy i sprawno\u015b\u0107.<\/p>\n<h5>G\u0142\u00f3wne cechy<\/h5>\n<p>Obs\u0142uga wielu standard\u00f3w wtyczek<br \/>\nDC do 50 kW<br \/>\nAC do 43 kW<br \/>\nWysoka sprawno\u015b\u0107: &gt; 93%<br \/>\nWysoki wsp\u00f3\u0142czynnik mocy: 0.98<br \/>\nInstalacja typu plug &amp; play<br \/>\nMo\u017cliwo\u015b\u0107 po\u0142\u0105czenia w sie\u0107 urz\u0105dze\u0144<br \/>\nLokalny i zdalny monitoring<br \/>\noraz kontrola urz\u0105dze\u0144<br \/>\nPersonalizacja<\/p>\n<h5>Wi\u0119cej informacji \/ specyfikacja<\/h5>\n<p><a class=\"pdf\" href=\"http:\/\/garocharging.com\/pl\/wp-content\/uploads\/2017\/06\/GARO_BROSZURA_DC-Charging.pdf\" target=\"_blank\" rel=\"noopener noreferrer\">BROSZURA<\/a><\/p>\n<\/div>\n<\/div><\/div><\/div><\/div><div id=\"pgc-121-2-1\"  class=\"panel-grid-cell\" ><div id=\"panel-121-2-1-0\" class=\"so-panel widget widget_sow-editor panel-first-child panel-last-child\" data-index=\"6\" ><div\n\t\t\t\n\t\t\tclass=\"so-widget-sow-editor so-widget-sow-editor-base\"\n\t\t\t\n\t\t>\n<div class=\"siteorigin-widget-tinymce textwidget\">\n\t<div class=\"more\"><strong>Wi\u0119cej<\/strong><br \/>\nKliknij + by przeczyta\u0107 opis<\/div>\n<div id=\"ls4\"><img decoding=\"async\" loading=\"lazy\" class=\"alignnone size-full wp-image-123\" src=\"http:\/\/garocharging.com\/pl\/wp-content\/uploads\/2017\/03\/dc2.jpg\" alt=\"\" width=\"454\" height=\"843\" srcset=\"http:\/\/garocharging.com\/pl\/wp-content\/uploads\/2017\/03\/dc2.jpg 454w, http:\/\/garocharging.com\/pl\/wp-content\/uploads\/2017\/03\/dc2-162x300.jpg 162w, http:\/\/garocharging.com\/pl\/wp-content\/uploads\/2017\/03\/dc2-302x560.jpg 302w\" sizes=\"(max-width: 454px) 100vw, 454px\" \/><\/div>\n<\/div>\n<\/div><\/div><\/div><\/div><\/div><\/div>","protected":false},"excerpt":{"rendered":"<p>Wysoka wydajno\u015b\u0107 i moc Stacje DC Charger \u0142\u0105cz\u0105 w sobie unikalny design, doskona\u0142\u0105 specyfikacj\u0119 i optymalny wsp\u00f3\u0142czynnik mocy i s\u0105 niezast\u0105pionym \u017ar\u00f3d\u0142em energii dla pojazd\u00f3w niezale\u017cnie od standardu: CHAdeMO, CCS czy AC Typ-2. Cechuje je niebywa\u0142a \u0142atwo\u015b\u0107 obs\u0142ugi; bezpiecze\u0144stwo u\u017cytkowania dzi\u0119ki us\u0142udze uwierzytelnienia oraz wszechstronno\u015b\u0107 wynikaj\u0105ca z mo\u017cliwo\u015bci zainstalowania opcjonalnych wtyczek: Basic Single DC, Dual [&hellip;]<\/p>\n","protected":false},"author":5,"featured_media":152,"parent":0,"menu_order":6,"comment_status":"closed","ping_status":"closed","template":"custom-produkt-dc.php","meta":[],"yoast_head":"<!-- This site is optimized with the Yoast SEO plugin v20.11 - https:\/\/yoast.com\/wordpress\/plugins\/seo\/ -->\n<title>DC Charging - GARO EV Chargers<\/title>\n<meta name=\"robots\" content=\"index, follow, max-snippet:-1, max-image-preview:large, max-video-preview:-1\" \/>\n<link rel=\"canonical\" href=\"http:\/\/garocharging.com\/pl\/dc-charging\/\" \/>\n<meta property=\"og:locale\" content=\"pl_PL\" \/>\n<meta property=\"og:type\" content=\"article\" \/>\n<meta property=\"og:title\" content=\"DC Charging - GARO EV Chargers\" \/>\n<meta property=\"og:description\" content=\"Wysoka wydajno\u015b\u0107 i moc Stacje DC Charger \u0142\u0105cz\u0105 w sobie unikalny design, doskona\u0142\u0105 specyfikacj\u0119 i optymalny wsp\u00f3\u0142czynnik mocy i s\u0105 niezast\u0105pionym \u017ar\u00f3d\u0142em energii dla pojazd\u00f3w niezale\u017cnie od standardu: CHAdeMO, CCS czy AC Typ-2. Cechuje je niebywa\u0142a \u0142atwo\u015b\u0107 obs\u0142ugi; bezpiecze\u0144stwo u\u017cytkowania dzi\u0119ki us\u0142udze uwierzytelnienia oraz wszechstronno\u015b\u0107 wynikaj\u0105ca z mo\u017cliwo\u015bci zainstalowania opcjonalnych wtyczek: Basic Single DC, Dual [&hellip;]\" \/>\n<meta property=\"og:url\" content=\"http:\/\/garocharging.com\/pl\/dc-charging\/\" \/>\n<meta property=\"og:site_name\" content=\"GARO EV Chargers\" \/>\n<meta property=\"article:modified_time\" content=\"2017-08-31T13:31:25+00:00\" \/>\n<meta property=\"og:image\" content=\"http:\/\/garocharging.com\/pl\/wp-content\/uploads\/2017\/04\/dccharge.jpg\" \/>\n\t<meta property=\"og:image:width\" content=\"1920\" \/>\n\t<meta property=\"og:image:height\" content=\"1137\" \/>\n\t<meta property=\"og:image:type\" content=\"image\/jpeg\" \/>\n<meta name=\"twitter:card\" content=\"summary_large_image\" \/>\n<meta name=\"twitter:label1\" content=\"Szacowany czas czytania\" \/>\n\t<meta name=\"twitter:data1\" content=\"2 minuty\" \/>\n<script type=\"application\/ld+json\" class=\"yoast-schema-graph\">{\"@context\":\"https:\/\/schema.org\",\"@graph\":[{\"@type\":\"WebPage\",\"@id\":\"http:\/\/garocharging.com\/pl\/dc-charging\/\",\"url\":\"http:\/\/garocharging.com\/pl\/dc-charging\/\",\"name\":\"DC Charging - GARO EV Chargers\",\"isPartOf\":{\"@id\":\"http:\/\/garocharging.com\/pl\/#website\"},\"datePublished\":\"2017-03-29T13:32:53+00:00\",\"dateModified\":\"2017-08-31T13:31:25+00:00\",\"breadcrumb\":{\"@id\":\"http:\/\/garocharging.com\/pl\/dc-charging\/#breadcrumb\"},\"inLanguage\":\"pl-PL\",\"potentialAction\":[{\"@type\":\"ReadAction\",\"target\":[\"http:\/\/garocharging.com\/pl\/dc-charging\/\"]}]},{\"@type\":\"BreadcrumbList\",\"@id\":\"http:\/\/garocharging.com\/pl\/dc-charging\/#breadcrumb\",\"itemListElement\":[{\"@type\":\"ListItem\",\"position\":1,\"name\":\"Strona g\u0142\u00f3wna\",\"item\":\"http:\/\/garocharging.com\/pl\/\"},{\"@type\":\"ListItem\",\"position\":2,\"name\":\"DC Charging\"}]},{\"@type\":\"WebSite\",\"@id\":\"http:\/\/garocharging.com\/pl\/#website\",\"url\":\"http:\/\/garocharging.com\/pl\/\",\"name\":\"GARO EV Chargers\",\"description\":\"Stacje do \u0142adowania samochod\u00f3w elektyrcznych\",\"potentialAction\":[{\"@type\":\"SearchAction\",\"target\":{\"@type\":\"EntryPoint\",\"urlTemplate\":\"http:\/\/garocharging.com\/pl\/?s={search_term_string}\"},\"query-input\":\"required name=search_term_string\"}],\"inLanguage\":\"pl-PL\"}]}<\/script>\n<!-- \/ Yoast SEO plugin. -->","yoast_head_json":{"title":"DC Charging - GARO EV Chargers","robots":{"index":"index","follow":"follow","max-snippet":"max-snippet:-1","max-image-preview":"max-image-preview:large","max-video-preview":"max-video-preview:-1"},"canonical":"http:\/\/garocharging.com\/pl\/dc-charging\/","og_locale":"pl_PL","og_type":"article","og_title":"DC Charging - GARO EV Chargers","og_description":"Wysoka wydajno\u015b\u0107 i moc Stacje DC Charger \u0142\u0105cz\u0105 w sobie unikalny design, doskona\u0142\u0105 specyfikacj\u0119 i optymalny wsp\u00f3\u0142czynnik mocy i s\u0105 niezast\u0105pionym \u017ar\u00f3d\u0142em energii dla pojazd\u00f3w niezale\u017cnie od standardu: CHAdeMO, CCS czy AC Typ-2. Cechuje je niebywa\u0142a \u0142atwo\u015b\u0107 obs\u0142ugi; bezpiecze\u0144stwo u\u017cytkowania dzi\u0119ki us\u0142udze uwierzytelnienia oraz wszechstronno\u015b\u0107 wynikaj\u0105ca z mo\u017cliwo\u015bci zainstalowania opcjonalnych wtyczek: Basic Single DC, Dual [&hellip;]","og_url":"http:\/\/garocharging.com\/pl\/dc-charging\/","og_site_name":"GARO EV Chargers","article_modified_time":"2017-08-31T13:31:25+00:00","og_image":[{"width":1920,"height":1137,"url":"http:\/\/garocharging.com\/pl\/wp-content\/uploads\/2017\/04\/dccharge.jpg","type":"image\/jpeg"}],"twitter_card":"summary_large_image","twitter_misc":{"Szacowany czas czytania":"2 minuty"},"schema":{"@context":"https:\/\/schema.org","@graph":[{"@type":"WebPage","@id":"http:\/\/garocharging.com\/pl\/dc-charging\/","url":"http:\/\/garocharging.com\/pl\/dc-charging\/","name":"DC Charging - GARO EV Chargers","isPartOf":{"@id":"http:\/\/garocharging.com\/pl\/#website"},"datePublished":"2017-03-29T13:32:53+00:00","dateModified":"2017-08-31T13:31:25+00:00","breadcrumb":{"@id":"http:\/\/garocharging.com\/pl\/dc-charging\/#breadcrumb"},"inLanguage":"pl-PL","potentialAction":[{"@type":"ReadAction","target":["http:\/\/garocharging.com\/pl\/dc-charging\/"]}]},{"@type":"BreadcrumbList","@id":"http:\/\/garocharging.com\/pl\/dc-charging\/#breadcrumb","itemListElement":[{"@type":"ListItem","position":1,"name":"Strona g\u0142\u00f3wna","item":"http:\/\/garocharging.com\/pl\/"},{"@type":"ListItem","position":2,"name":"DC Charging"}]},{"@type":"WebSite","@id":"http:\/\/garocharging.com\/pl\/#website","url":"http:\/\/garocharging.com\/pl\/","name":"GARO EV Chargers","description":"Stacje do \u0142adowania samochod\u00f3w elektyrcznych","potentialAction":[{"@type":"SearchAction","target":{"@type":"EntryPoint","urlTemplate":"http:\/\/garocharging.com\/pl\/?s={search_term_string}"},"query-input":"required name=search_term_string"}],"inLanguage":"pl-PL"}]}},"_links":{"self":[{"href":"http:\/\/garocharging.com\/pl\/wp-json\/wp\/v2\/pages\/121"}],"collection":[{"href":"http:\/\/garocharging.com\/pl\/wp-json\/wp\/v2\/pages"}],"about":[{"href":"http:\/\/garocharging.com\/pl\/wp-json\/wp\/v2\/types\/page"}],"author":[{"embeddable":true,"href":"http:\/\/garocharging.com\/pl\/wp-json\/wp\/v2\/users\/5"}],"replies":[{"embeddable":true,"href":"http:\/\/garocharging.com\/pl\/wp-json\/wp\/v2\/comments?post=121"}],"version-history":[{"count":55,"href":"http:\/\/garocharging.com\/pl\/wp-json\/wp\/v2\/pages\/121\/revisions"}],"predecessor-version":[{"id":728,"href":"http:\/\/garocharging.com\/pl\/wp-json\/wp\/v2\/pages\/121\/revisions\/728"}],"wp:featuredmedia":[{"embeddable":true,"href":"http:\/\/garocharging.com\/pl\/wp-json\/wp\/v2\/media\/152"}],"wp:attachment":[{"href":"http:\/\/garocharging.com\/pl\/wp-json\/wp\/v2\/media?parent=121"}],"curies":[{"name":"wp","href":"https:\/\/api.w.org\/{rel}","templated":true}]}}