{"id":116,"date":"2017-03-29T13:15:15","date_gmt":"2017-03-29T13:15:15","guid":{"rendered":"http:\/\/garocharging.com\/pl\/?page_id=116"},"modified":"2017-08-30T09:04:53","modified_gmt":"2017-08-30T09:04:53","slug":"ghl-wallbox","status":"publish","type":"page","link":"http:\/\/garocharging.com\/pl\/ghl-wallbox\/","title":{"rendered":"GHL wallbox"},"content":{"rendered":"<div id=\"pl-116\"  class=\"panel-layout\" ><div id=\"pg-116-0\"  class=\"panel-grid panel-has-style\" ><div class=\"ramka panel-row-style panel-row-style-for-116-0\" ><div id=\"pgc-116-0-0\"  class=\"panel-grid-cell\" ><div id=\"panel-116-0-0-0\" class=\"so-panel widget widget_sow-editor panel-first-child panel-last-child\" data-index=\"0\" ><div class=\"strzalka panel-widget-style panel-widget-style-for-116-0-0-0\" ><div\n\t\t\t\n\t\t\tclass=\"so-widget-sow-editor so-widget-sow-editor-base\"\n\t\t\t\n\t\t>\n<div class=\"siteorigin-widget-tinymce textwidget\">\n\t<h1>Wygoda i kompaktowo\u015b\u0107<\/h1>\n<p>Stacja GHL wallbox produkowana jest w dw\u00f3ch wariantach z gniazdami lub wtyczk\u0105 z kablem. W obu wariantach mo\u017cliwe jest u\u017cycie z\u0142\u0105cz typu 1 lub typu 2. Wyst\u0119puje w wersji 16A, 32A, zar\u00f3wno 1- jak i 3-fazowej, z opcjonalnym licznikiem energii elektrycznej. Posiada zabezpieczenie nadmiarowopr\u0105dowe i wy\u0142\u0105czniki r\u00f3\u017cnicowopr\u0105dowe oraz zintegrowan\u0105 elektronik\u0119 obs\u0142uguj\u0105c\u0105 komunikacj\u0119 mi\u0119dzy stacj\u0105 a samochodem.\u00a0Konstrukcja urz\u0105dzenia przewiduje monta\u017c na\u015bcienny lub na dedykowanym do urz\u0105dzenia s\u0142upku wykonanym na \u017cyczenie klienta.<\/p>\n<p><a href=\"#chargers\" rel=\"m_PageScroll2id\">Nasze \u0142adowarki<\/a><\/p>\n<\/div>\n<\/div><\/div><\/div><\/div><div id=\"pgc-116-0-1\"  class=\"panel-grid-cell\" ><div id=\"panel-116-0-1-0\" class=\"so-panel widget widget_sow-image panel-first-child panel-last-child\" data-index=\"1\" ><div class=\"panel-widget-style panel-widget-style-for-116-0-1-0\" ><div\n\t\t\t\n\t\t\tclass=\"so-widget-sow-image so-widget-sow-image-default-c67d20f9f743-116\"\n\t\t\t\n\t\t>\n\n<div class=\"sow-image-container\">\n\t\t<img src=\"http:\/\/garocharging.com\/pl\/wp-content\/uploads\/2017\/03\/ghl-page.jpg\" width=\"409\" height=\"465\" srcset=\"http:\/\/garocharging.com\/pl\/wp-content\/uploads\/2017\/03\/ghl-page.jpg 409w, http:\/\/garocharging.com\/pl\/wp-content\/uploads\/2017\/03\/ghl-page-264x300.jpg 264w\" sizes=\"(max-width: 409px) 100vw, 409px\" alt=\"\" loading=\"lazy\" \t\tclass=\"so-widget-image\"\/>\n\t<\/div>\n\n<\/div><\/div><\/div><\/div><\/div><\/div><div id=\"pg-116-1\"  class=\"panel-grid panel-has-style\" ><div class=\"panel-row-style panel-row-style-for-116-1\" ><div id=\"pgc-116-1-0\"  class=\"panel-grid-cell\" ><div id=\"panel-116-1-0-0\" class=\"so-panel widget widget_sow-editor panel-first-child panel-last-child\" data-index=\"2\" ><div class=\"panel-widget-style panel-widget-style-for-116-1-0-0\" ><div\n\t\t\t\n\t\t\tclass=\"so-widget-sow-editor so-widget-sow-editor-base\"\n\t\t\t\n\t\t>\n<div class=\"siteorigin-widget-tinymce textwidget\">\n\t<div class=\"box-img\"><img decoding=\"async\" loading=\"lazy\" class=\"alignnone size-full wp-image-68\" src=\"http:\/\/garocharging.com\/pl\/wp-content\/uploads\/2017\/03\/economy.png\" alt=\"\" width=\"95\" height=\"95\" \/><\/div>\n<div class=\"box-text\">\n<h2>PROSTE I BEZPIECZNE<\/h2>\n<p>Kompaktowe wymiary \u0142adowarki, prosty monta\u017c oraz intuicyjna obs\u0142uga sprawiaj\u0105, \u017ce \u0142adowarki z serii GHL wallbox s\u0105 wyj\u0105tkowo przyjazne u\u017cytkownikowi. <\/p>\n<\/div>\n<\/div>\n<\/div><\/div><\/div><\/div><div id=\"pgc-116-1-1\"  class=\"panel-grid-cell\" ><div id=\"panel-116-1-1-0\" class=\"so-panel widget widget_sow-editor panel-first-child panel-last-child\" data-index=\"3\" ><div class=\"panel-widget-style panel-widget-style-for-116-1-1-0\" ><div\n\t\t\t\n\t\t\tclass=\"so-widget-sow-editor so-widget-sow-editor-base\"\n\t\t\t\n\t\t>\n<div class=\"siteorigin-widget-tinymce textwidget\">\n\t<div class=\"box-img\"><img decoding=\"async\" loading=\"lazy\" class=\"alignnone wp-image-119 size-full\" src=\"http:\/\/garocharging.com\/pl\/wp-content\/uploads\/2017\/03\/multi.png\" alt=\"\" width=\"95\" height=\"95\" \/><\/div>\n<div class=\"box-text\">\n<h2>MULTI<br \/>\nSTANDARD<\/h2>\n<p> Opcja zwyk\u0142ego \u0142adowania lub \u0142adowanie sieciowe - teraz masz wyb\u00f3r. \u0141adowarka wyposa\u017cona jest w kable typu 1 lub typu 2 oraz gniazdo typu 2 3,7-22kW ze zintegrowanym RCCB typu B.\n<\/p>\n<\/div>\n<\/div>\n<\/div><\/div><\/div><\/div><div id=\"pgc-116-1-2\"  class=\"panel-grid-cell\" ><div id=\"panel-116-1-2-0\" class=\"so-panel widget widget_sow-editor panel-first-child panel-last-child\" data-index=\"4\" ><div class=\"panel-widget-style panel-widget-style-for-116-1-2-0\" ><div\n\t\t\t\n\t\t\tclass=\"so-widget-sow-editor so-widget-sow-editor-base\"\n\t\t\t\n\t\t>\n<div class=\"siteorigin-widget-tinymce textwidget\">\n\t<div class=\"box-img\"><img decoding=\"async\" loading=\"lazy\" class=\"alignnone wp-image-69 size-full\" src=\"http:\/\/garocharging.com\/pl\/wp-content\/uploads\/2017\/03\/connect.png\" alt=\"\" width=\"95\" height=\"95\" \/><\/div>\n<div class=\"box-text\">\n<h2>INTELIGENTNE<br \/>\nROZWI\u0104ZANIA<\/h2>\n<p>Teraz mo\u017cesz rozpoczyna\u0107 \u0142adowanie i monitorowa\u0107 jego stan z zacisza swojego domu. W zale\u017cno\u015bci od potrzb mo\u017cesz wybra\u0107 modele z po\u0142\u0105czeniem WIFI lub z modu\u0142em 3G.\n<\/p>\n<\/div>\n<\/div>\n<\/div><\/div><\/div><\/div><\/div><\/div><div id=\"pg-116-2\"  class=\"panel-grid panel-has-style\" ><div class=\"chargers anim panel-row-style panel-row-style-for-116-2\" id=\"chargers\" ><div id=\"pgc-116-2-0\"  class=\"panel-grid-cell\" ><div id=\"panel-116-2-0-0\" class=\"so-panel widget widget_sow-editor panel-first-child panel-last-child\" data-index=\"5\" ><div class=\"prod-flex-wrap panel-widget-style panel-widget-style-for-116-2-0-0\" ><div\n\t\t\t\n\t\t\tclass=\"so-widget-sow-editor so-widget-sow-editor-base\"\n\t\t\t\n\t\t>\n<div class=\"siteorigin-widget-tinymce textwidget\">\n\t<div id=\"text1\" class=\"prod-flex\">\n<h3>GHL<br \/> wallbox<\/h3>\n<h4>Domowe stacje\u00a0\u0142adowania samochod\u00f3w elektrycznych<\/h4>\n<p>Stacja produkowana jest w dw\u00f3ch wariantach z gniazdami lub wtyczk\u0105 z kablem. W obu wariantach mo\u017cliwe jest u\u017cycie z\u0142\u0105cz typu 1 lub typu 2. HC wyst\u0119puje w wersji 16 A, 32 A, zar\u00f3wno 1- jak i 3-fazowej, z opcjonalnym licznikiem energii elektrycznej. Posiada zabezpieczenie nadmiarowopr\u0105dowe i wy\u0142\u0105czniki r\u00f3\u017cnicowopr\u0105dowe oraz zintegrowan\u0105 elektronik\u0119 obs\u0142uguj\u0105c\u0105 komunikacj\u0119 mi\u0119dzy stacj\u0105 a samochodem.<\/p>\n<h5>More info \/ specification<\/h5>\n<p><a class=\"pdf\" href=\"http:\/\/garocharging.com\/pl\/wp-content\/uploads\/2017\/06\/GARO_BROSZURA_GHL-wallbox.pdf\" target=\"_blank\" rel=\"noopener noreferrer\">BROSZURA<\/a><\/p>\n<\/div>\n<div id=\"zdjecie1\" class=\"img-flex\"><img decoding=\"async\" loading=\"lazy\" class=\"alignnone wp-image-110\" src=\"http:\/\/garocharging.com\/pl\/wp-content\/uploads\/2017\/03\/ghl2.jpg\" alt=\"\" width=\"230\" height=\"395\" srcset=\"http:\/\/garocharging.com\/pl\/wp-content\/uploads\/2017\/03\/ghl2.jpg 257w, http:\/\/garocharging.com\/pl\/wp-content\/uploads\/2017\/03\/ghl2-175x300.jpg 175w\" sizes=\"(max-width: 230px) 100vw, 230px\" \/><\/div>\n<\/div>\n<\/div><\/div><\/div><\/div><div id=\"pgc-116-2-1\"  class=\"panel-grid-cell\" ><div id=\"panel-116-2-1-0\" class=\"so-panel widget widget_sow-editor panel-first-child panel-last-child\" data-index=\"6\" ><div class=\"prod-flex-wrap panel-widget-style panel-widget-style-for-116-2-1-0\" ><div\n\t\t\t\n\t\t\tclass=\"so-widget-sow-editor so-widget-sow-editor-base\"\n\t\t\t\n\t\t>\n<div class=\"siteorigin-widget-tinymce textwidget\">\n\t<div id=\"zdjecie2\" class=\"img-flex\">\n<p><img decoding=\"async\" loading=\"lazy\" class=\"alignnone wp-image-111\" src=\"http:\/\/garocharging.com\/pl\/wp-content\/uploads\/2017\/03\/ghl3.jpg\" alt=\"\" width=\"230\" height=\"479\" srcset=\"http:\/\/garocharging.com\/pl\/wp-content\/uploads\/2017\/03\/ghl3.jpg 259w, http:\/\/garocharging.com\/pl\/wp-content\/uploads\/2017\/03\/ghl3-144x300.jpg 144w\" sizes=\"(max-width: 230px) 100vw, 230px\" \/><\/p>\n<\/div>\n<div id=\"text2\" class=\"prod-flex\">\n<p>Konstrukcja urz\u0105dzenia przewiduje monta\u017c na\u015bcienny lub na dedykowanym do urz\u0105dzenia s\u0142upku wykonanym na \u017cyczenie klienta.<\/p>\n<h5>G\u0142\u00f3wne cechy<\/h5>\n<p>\u0141adowanie samochod\u00f3w w trybie \u2013 Mode-3<br \/>Z\u0142\u0105cze typu 1 lub typu 2<br \/>Moc od 3,7 kVA do 22 kVA<br \/>Wykonanie z gniazdem lub wtyczk\u0105<br \/>Prosta i intuicyjna obs\u0142uga<br \/>Informacja o statusie \u0142adowarki<\/p>\n<p><strong>Przeznaczenie<\/strong><\/p>\n<p>Gara\u017ce i wiaty parkingowe<br \/>Parkingi w zamkni\u0119tych przestrzeniach publicznych<br \/>Parkingi w hotelach i pensjonatach<br \/>Parki maszynowe<\/p>\n<\/div>\n<\/div>\n<\/div><\/div><\/div><\/div><\/div><\/div><div id=\"pg-116-3\"  class=\"panel-grid panel-has-style\" ><div class=\"panel-row-style panel-row-style-for-116-3\" ><div id=\"pgc-116-3-0\"  class=\"panel-grid-cell\" ><div id=\"panel-116-3-0-0\" class=\"so-panel widget widget_sow-editor panel-first-child panel-last-child\" data-index=\"7\" ><div class=\"prod-flex-wrap panel-widget-style panel-widget-style-for-116-3-0-0\" ><div\n\t\t\t\n\t\t\tclass=\"so-widget-sow-editor so-widget-sow-editor-base\"\n\t\t\t\n\t\t>\n<div class=\"siteorigin-widget-tinymce textwidget\">\n\t<div class=\"prod-flex\">\n<h3>AKCESORIA<\/h3>\n<h4>stand do \u0142adowarki<\/h4>\n<p>Stand sprawdza si\u0119 w miejscach, gdzie z r\u00f3\u017cnych wzgl\u0119d\u00f3w, nie ma mo\u017cliwo\u015bci monta\u017cu na\u015bciennego \u0142adowarki. Jego kontrakcja pozwala na bezproblemowy monta\u017c na posadzkach betonowych.<\/p>\n<p><b>Dost\u0119pny jako opcja.\u00a0<\/b><\/p>\n<h5>G\u0142\u00f3wne cechy:\u00a0<\/h5>\n<p>Wymiary<br \/> Waga<br \/> Materia\u0142\u00a0<br \/>Spos\u00f3b monta\u017cu\u00a0<\/p>\n<h5>\u00a0<\/h5>\n<\/div>\n<div class=\"img-flex\"><img decoding=\"async\" loading=\"lazy\" class=\"wp-image-108 size-full\" src=\"http:\/\/garocharging.com\/pl\/wp-content\/uploads\/2017\/03\/ghl4.jpg\" alt=\"\" width=\"247\" height=\"812\" srcset=\"http:\/\/garocharging.com\/pl\/wp-content\/uploads\/2017\/03\/ghl4.jpg 247w, http:\/\/garocharging.com\/pl\/wp-content\/uploads\/2017\/03\/ghl4-91x300.jpg 91w, http:\/\/garocharging.com\/pl\/wp-content\/uploads\/2017\/03\/ghl4-170x560.jpg 170w\" sizes=\"(max-width: 247px) 100vw, 247px\" \/><\/div>\n<\/div>\n<\/div><\/div><\/div><\/div><div id=\"pgc-116-3-1\"  class=\"panel-grid-cell\" ><div id=\"panel-116-3-1-0\" class=\"so-panel widget widget_siteorigin-panels-builder panel-first-child panel-last-child\" data-index=\"8\" ><div id=\"pl-w59a545ecd851e\"  class=\"panel-layout\" ><div id=\"pg-w59a545ecd851e-0\"  class=\"panel-grid panel-no-style\" ><div id=\"pgc-w59a545ecd851e-0-0\"  class=\"panel-grid-cell\" ><div id=\"panel-w59a545ecd851e-0-0-0\" class=\"so-panel widget widget_sow-editor panel-first-child panel-last-child\" data-index=\"0\" ><div\n\t\t\t\n\t\t\tclass=\"so-widget-sow-editor so-widget-sow-editor-base\"\n\t\t\t\n\t\t>\n<div class=\"siteorigin-widget-tinymce textwidget\">\n\t<h3>Kable<\/h3>\n<\/div>\n<\/div><\/div><\/div><\/div><div id=\"pg-w59a545ecd851e-1\"  class=\"panel-grid panel-no-style\" ><div id=\"pgc-w59a545ecd851e-1-0\"  class=\"panel-grid-cell\" ><div id=\"panel-w59a545ecd851e-1-0-0\" class=\"so-panel widget widget_sow-editor panel-first-child\" data-index=\"1\" ><div\n\t\t\t\n\t\t\tclass=\"so-widget-sow-editor so-widget-sow-editor-base\"\n\t\t\t\n\t\t>\n<div class=\"siteorigin-widget-tinymce textwidget\">\n\t<p><img decoding=\"async\" loading=\"lazy\" class=\"size-full wp-image-395 alignnone\" src=\"http:\/\/garocharging.com\/pl\/wp-content\/uploads\/2017\/03\/cable1.jpg\" alt=\"\" width=\"244\" height=\"111\" \/><br \/>CHARGING CABLE<br \/><strong>24 497 87<\/strong><\/p>\n<\/div>\n<\/div><\/div><div id=\"panel-w59a545ecd851e-1-0-1\" class=\"so-panel widget widget_sow-editor\" data-index=\"2\" ><div\n\t\t\t\n\t\t\tclass=\"so-widget-sow-editor so-widget-sow-editor-base\"\n\t\t\t\n\t\t>\n<div class=\"siteorigin-widget-tinymce textwidget\">\n\t<p><img decoding=\"async\" loading=\"lazy\" class=\"wp-image-393 size-full alignnone\" src=\"http:\/\/garocharging.com\/pl\/wp-content\/uploads\/2017\/03\/cable3.jpg\" alt=\"\" width=\"256\" height=\"131\" \/><br \/>CHARGING CABLE<br \/><strong>24 497 87<\/strong><\/p>\n<\/div>\n<\/div><\/div><div id=\"panel-w59a545ecd851e-1-0-2\" class=\"so-panel widget widget_sow-editor\" data-index=\"3\" ><div\n\t\t\t\n\t\t\tclass=\"so-widget-sow-editor so-widget-sow-editor-base\"\n\t\t\t\n\t\t>\n<div class=\"siteorigin-widget-tinymce textwidget\">\n\t<p><img decoding=\"async\" loading=\"lazy\" class=\"wp-image-391 size-full alignnone\" src=\"http:\/\/garocharging.com\/pl\/wp-content\/uploads\/2017\/03\/cable5.jpg\" alt=\"\" width=\"191\" height=\"108\" srcset=\"http:\/\/garocharging.com\/pl\/wp-content\/uploads\/2017\/03\/cable5.jpg 191w, http:\/\/garocharging.com\/pl\/wp-content\/uploads\/2017\/03\/cable5-190x108.jpg 190w\" sizes=\"(max-width: 191px) 100vw, 191px\" \/><br \/>CHARGING CABLE<br \/><strong>24 497 87<\/strong><\/p>\n<\/div>\n<\/div><\/div><div id=\"panel-w59a545ecd851e-1-0-3\" class=\"so-panel widget widget_sow-editor\" data-index=\"4\" ><div\n\t\t\t\n\t\t\tclass=\"so-widget-sow-editor so-widget-sow-editor-base\"\n\t\t\t\n\t\t>\n<div class=\"siteorigin-widget-tinymce textwidget\">\n\t<p><img decoding=\"async\" loading=\"lazy\" class=\"wp-image-394 size-full alignnone\" src=\"http:\/\/garocharging.com\/pl\/wp-content\/uploads\/2017\/03\/cable2.jpg\" alt=\"\" width=\"202\" height=\"102\" \/><br \/>CHARGING CABLE<br \/><strong>24 497 87<\/strong><\/p>\n<\/div>\n<\/div><\/div><div id=\"panel-w59a545ecd851e-1-0-4\" class=\"so-panel widget widget_sow-editor panel-last-child\" data-index=\"5\" ><div\n\t\t\t\n\t\t\tclass=\"so-widget-sow-editor so-widget-sow-editor-base\"\n\t\t\t\n\t\t>\n<div class=\"siteorigin-widget-tinymce textwidget\">\n\t<p><img decoding=\"async\" loading=\"lazy\" class=\"wp-image-392 size-full alignnone\" src=\"http:\/\/garocharging.com\/pl\/wp-content\/uploads\/2017\/03\/cable4.jpg\" alt=\"\" width=\"238\" height=\"112\" \/><br \/>CHARGING CABLE<br \/><strong>24 497 87<\/strong><\/p>\n<\/div>\n<\/div><\/div><\/div><\/div><\/div><\/div><\/div><\/div><\/div><\/div>","protected":false},"excerpt":{"rendered":"<p>Wygoda i kompaktowo\u015b\u0107 Stacja GHL wallbox produkowana jest w dw\u00f3ch wariantach z gniazdami lub wtyczk\u0105 z kablem. W obu wariantach mo\u017cliwe jest u\u017cycie z\u0142\u0105cz typu 1 lub typu 2. Wyst\u0119puje w wersji 16A, 32A, zar\u00f3wno 1- jak i 3-fazowej, z opcjonalnym licznikiem energii elektrycznej. Posiada zabezpieczenie nadmiarowopr\u0105dowe i wy\u0142\u0105czniki r\u00f3\u017cnicowopr\u0105dowe oraz zintegrowan\u0105 elektronik\u0119 obs\u0142uguj\u0105c\u0105 komunikacj\u0119 [&hellip;]<\/p>\n","protected":false},"author":5,"featured_media":151,"parent":0,"menu_order":7,"comment_status":"closed","ping_status":"closed","template":"","meta":[],"yoast_head":"<!-- This site is optimized with the Yoast SEO plugin v20.11 - https:\/\/yoast.com\/wordpress\/plugins\/seo\/ -->\n<title>GHL wallbox - GARO EV Chargers<\/title>\n<meta name=\"robots\" content=\"index, follow, max-snippet:-1, max-image-preview:large, max-video-preview:-1\" \/>\n<link rel=\"canonical\" href=\"http:\/\/garocharging.com\/pl\/ghl-wallbox\/\" \/>\n<meta property=\"og:locale\" content=\"pl_PL\" \/>\n<meta property=\"og:type\" content=\"article\" \/>\n<meta property=\"og:title\" content=\"GHL wallbox - GARO EV Chargers\" \/>\n<meta property=\"og:description\" content=\"Wygoda i kompaktowo\u015b\u0107 Stacja GHL wallbox produkowana jest w dw\u00f3ch wariantach z gniazdami lub wtyczk\u0105 z kablem. W obu wariantach mo\u017cliwe jest u\u017cycie z\u0142\u0105cz typu 1 lub typu 2. Wyst\u0119puje w wersji 16A, 32A, zar\u00f3wno 1- jak i 3-fazowej, z opcjonalnym licznikiem energii elektrycznej. Posiada zabezpieczenie nadmiarowopr\u0105dowe i wy\u0142\u0105czniki r\u00f3\u017cnicowopr\u0105dowe oraz zintegrowan\u0105 elektronik\u0119 obs\u0142uguj\u0105c\u0105 komunikacj\u0119 [&hellip;]\" \/>\n<meta property=\"og:url\" content=\"http:\/\/garocharging.com\/pl\/ghl-wallbox\/\" \/>\n<meta property=\"og:site_name\" content=\"GARO EV Chargers\" \/>\n<meta property=\"article:modified_time\" content=\"2017-08-30T09:04:53+00:00\" \/>\n<meta property=\"og:image\" content=\"http:\/\/garocharging.com\/pl\/wp-content\/uploads\/2017\/04\/ghlwall.jpg\" \/>\n\t<meta property=\"og:image:width\" content=\"1920\" \/>\n\t<meta property=\"og:image:height\" content=\"1137\" \/>\n\t<meta property=\"og:image:type\" content=\"image\/jpeg\" \/>\n<meta name=\"twitter:card\" content=\"summary_large_image\" \/>\n<meta name=\"twitter:label1\" content=\"Szacowany czas czytania\" \/>\n\t<meta name=\"twitter:data1\" content=\"2 minuty\" \/>\n<script type=\"application\/ld+json\" class=\"yoast-schema-graph\">{\"@context\":\"https:\/\/schema.org\",\"@graph\":[{\"@type\":\"WebPage\",\"@id\":\"http:\/\/garocharging.com\/pl\/ghl-wallbox\/\",\"url\":\"http:\/\/garocharging.com\/pl\/ghl-wallbox\/\",\"name\":\"GHL wallbox - GARO EV Chargers\",\"isPartOf\":{\"@id\":\"http:\/\/garocharging.com\/pl\/#website\"},\"datePublished\":\"2017-03-29T13:15:15+00:00\",\"dateModified\":\"2017-08-30T09:04:53+00:00\",\"breadcrumb\":{\"@id\":\"http:\/\/garocharging.com\/pl\/ghl-wallbox\/#breadcrumb\"},\"inLanguage\":\"pl-PL\",\"potentialAction\":[{\"@type\":\"ReadAction\",\"target\":[\"http:\/\/garocharging.com\/pl\/ghl-wallbox\/\"]}]},{\"@type\":\"BreadcrumbList\",\"@id\":\"http:\/\/garocharging.com\/pl\/ghl-wallbox\/#breadcrumb\",\"itemListElement\":[{\"@type\":\"ListItem\",\"position\":1,\"name\":\"Strona g\u0142\u00f3wna\",\"item\":\"http:\/\/garocharging.com\/pl\/\"},{\"@type\":\"ListItem\",\"position\":2,\"name\":\"GHL wallbox\"}]},{\"@type\":\"WebSite\",\"@id\":\"http:\/\/garocharging.com\/pl\/#website\",\"url\":\"http:\/\/garocharging.com\/pl\/\",\"name\":\"GARO EV Chargers\",\"description\":\"Stacje do \u0142adowania samochod\u00f3w elektyrcznych\",\"potentialAction\":[{\"@type\":\"SearchAction\",\"target\":{\"@type\":\"EntryPoint\",\"urlTemplate\":\"http:\/\/garocharging.com\/pl\/?s={search_term_string}\"},\"query-input\":\"required name=search_term_string\"}],\"inLanguage\":\"pl-PL\"}]}<\/script>\n<!-- \/ Yoast SEO plugin. -->","yoast_head_json":{"title":"GHL wallbox - GARO EV Chargers","robots":{"index":"index","follow":"follow","max-snippet":"max-snippet:-1","max-image-preview":"max-image-preview:large","max-video-preview":"max-video-preview:-1"},"canonical":"http:\/\/garocharging.com\/pl\/ghl-wallbox\/","og_locale":"pl_PL","og_type":"article","og_title":"GHL wallbox - GARO EV Chargers","og_description":"Wygoda i kompaktowo\u015b\u0107 Stacja GHL wallbox produkowana jest w dw\u00f3ch wariantach z gniazdami lub wtyczk\u0105 z kablem. W obu wariantach mo\u017cliwe jest u\u017cycie z\u0142\u0105cz typu 1 lub typu 2. Wyst\u0119puje w wersji 16A, 32A, zar\u00f3wno 1- jak i 3-fazowej, z opcjonalnym licznikiem energii elektrycznej. Posiada zabezpieczenie nadmiarowopr\u0105dowe i wy\u0142\u0105czniki r\u00f3\u017cnicowopr\u0105dowe oraz zintegrowan\u0105 elektronik\u0119 obs\u0142uguj\u0105c\u0105 komunikacj\u0119 [&hellip;]","og_url":"http:\/\/garocharging.com\/pl\/ghl-wallbox\/","og_site_name":"GARO EV Chargers","article_modified_time":"2017-08-30T09:04:53+00:00","og_image":[{"width":1920,"height":1137,"url":"http:\/\/garocharging.com\/pl\/wp-content\/uploads\/2017\/04\/ghlwall.jpg","type":"image\/jpeg"}],"twitter_card":"summary_large_image","twitter_misc":{"Szacowany czas czytania":"2 minuty"},"schema":{"@context":"https:\/\/schema.org","@graph":[{"@type":"WebPage","@id":"http:\/\/garocharging.com\/pl\/ghl-wallbox\/","url":"http:\/\/garocharging.com\/pl\/ghl-wallbox\/","name":"GHL wallbox - GARO EV Chargers","isPartOf":{"@id":"http:\/\/garocharging.com\/pl\/#website"},"datePublished":"2017-03-29T13:15:15+00:00","dateModified":"2017-08-30T09:04:53+00:00","breadcrumb":{"@id":"http:\/\/garocharging.com\/pl\/ghl-wallbox\/#breadcrumb"},"inLanguage":"pl-PL","potentialAction":[{"@type":"ReadAction","target":["http:\/\/garocharging.com\/pl\/ghl-wallbox\/"]}]},{"@type":"BreadcrumbList","@id":"http:\/\/garocharging.com\/pl\/ghl-wallbox\/#breadcrumb","itemListElement":[{"@type":"ListItem","position":1,"name":"Strona g\u0142\u00f3wna","item":"http:\/\/garocharging.com\/pl\/"},{"@type":"ListItem","position":2,"name":"GHL wallbox"}]},{"@type":"WebSite","@id":"http:\/\/garocharging.com\/pl\/#website","url":"http:\/\/garocharging.com\/pl\/","name":"GARO EV Chargers","description":"Stacje do \u0142adowania samochod\u00f3w elektyrcznych","potentialAction":[{"@type":"SearchAction","target":{"@type":"EntryPoint","urlTemplate":"http:\/\/garocharging.com\/pl\/?s={search_term_string}"},"query-input":"required name=search_term_string"}],"inLanguage":"pl-PL"}]}},"_links":{"self":[{"href":"http:\/\/garocharging.com\/pl\/wp-json\/wp\/v2\/pages\/116"}],"collection":[{"href":"http:\/\/garocharging.com\/pl\/wp-json\/wp\/v2\/pages"}],"about":[{"href":"http:\/\/garocharging.com\/pl\/wp-json\/wp\/v2\/types\/page"}],"author":[{"embeddable":true,"href":"http:\/\/garocharging.com\/pl\/wp-json\/wp\/v2\/users\/5"}],"replies":[{"embeddable":true,"href":"http:\/\/garocharging.com\/pl\/wp-json\/wp\/v2\/comments?post=116"}],"version-history":[{"count":148,"href":"http:\/\/garocharging.com\/pl\/wp-json\/wp\/v2\/pages\/116\/revisions"}],"predecessor-version":[{"id":724,"href":"http:\/\/garocharging.com\/pl\/wp-json\/wp\/v2\/pages\/116\/revisions\/724"}],"wp:featuredmedia":[{"embeddable":true,"href":"http:\/\/garocharging.com\/pl\/wp-json\/wp\/v2\/media\/151"}],"wp:attachment":[{"href":"http:\/\/garocharging.com\/pl\/wp-json\/wp\/v2\/media?parent=116"}],"curies":[{"name":"wp","href":"https:\/\/api.w.org\/{rel}","templated":true}]}}